{"id":830,"date":"2024-04-19T13:50:30","date_gmt":"2024-04-19T11:50:30","guid":{"rendered":"https:\/\/www.carbow.com\/produit\/archet-de-violon-copie-de-sartory\/"},"modified":"2026-02-27T16:35:39","modified_gmt":"2026-02-27T15:35:39","slug":"archet-de-violon-copie-de-sartory","status":"publish","type":"product","link":"https:\/\/www.carbow.com\/fr\/produit\/archet-de-violon-copie-de-sartory\/","title":{"rendered":"Archet de violon, copie de Sartory"},"content":{"rendered":"<div class=\"elementor elementor-810 elementor-259 elementor-location-single post-830 product type-product status-publish has-post-thumbnail product_cat-archets-violon product_cat-archets-de-violon product_cat-archets-signature first instock shipping-taxable purchasable product-type-simple product\" data-elementor-type=\"product\" data-elementor-id=\"810\" data-elementor-post-type=\"elementor_library\">\n<div class=\"elementor-element elementor-element-03e68e5 e-flex e-con-boxed e-con e-parent e-lazyloaded\" data-id=\"03e68e5\" data-element_type=\"container\" data-settings=\"{&quot;background_background&quot;:&quot;classic&quot;}\">\n<div class=\"e-con-inner\">\n<div class=\"elementor-element elementor-element-61dc675 elementor-widget elementor-widget-woocommerce-product-content\" data-id=\"61dc675\" data-element_type=\"widget\" data-widget_type=\"woocommerce-product-content.default\">\n<div class=\"elementor-widget-container\">\n<p class=\"sqsrte-large preFlex flexIn\">Cet archet de violon est une copie d&#8217;un archet du c\u00e9l\u00e8bre archetier Sartory. Cette baguette avec une bonne inertie est assembl\u00e9e \u00e0 une hausse \u00e9b\u00e8ne en argent \u00e0 talon rond et un bouton plein. Cet archet est tr\u00e8s agr\u00e9able \u00e0 jouer.<\/p>\n<\/div>\n<\/div>\n<\/div>\n<\/div>\n<\/div>\n","protected":false},"excerpt":{"rendered":"<p>Poids =<strong> 62 \u00e0 66 grs<\/strong><br \/>\nLongueur de l&#8217;archet = 73cm<br \/>\nLongueur des crins= 65cm<br \/>\nHausse en \u00e9b\u00e8ne argent mont\u00e9e avec une nacre en Goldfish<\/p>\n<p>ProdRef : Violon-Sartory<\/p>\n","protected":false},"featured_media":696,"comment_status":"open","ping_status":"closed","template":"","meta":{"_acf_changed":false},"product_brand":[],"product_cat":[53,51,48],"product_tag":[],"class_list":{"0":"post-830","1":"product","2":"type-product","3":"status-publish","4":"has-post-thumbnail","6":"product_cat-archets-de-violon","7":"product_cat-archets-quatuor","8":"product_cat-archets-signature","10":"first","11":"instock","12":"shipping-taxable","13":"purchasable","14":"product-type-simple"},"acf":[],"_links":{"self":[{"href":"https:\/\/www.carbow.com\/fr\/wp-json\/wp\/v2\/product\/830","targetHints":{"allow":["GET"]}}],"collection":[{"href":"https:\/\/www.carbow.com\/fr\/wp-json\/wp\/v2\/product"}],"about":[{"href":"https:\/\/www.carbow.com\/fr\/wp-json\/wp\/v2\/types\/product"}],"replies":[{"embeddable":true,"href":"https:\/\/www.carbow.com\/fr\/wp-json\/wp\/v2\/comments?post=830"}],"wp:featuredmedia":[{"embeddable":true,"href":"https:\/\/www.carbow.com\/fr\/wp-json\/wp\/v2\/media\/696"}],"wp:attachment":[{"href":"https:\/\/www.carbow.com\/fr\/wp-json\/wp\/v2\/media?parent=830"}],"wp:term":[{"taxonomy":"product_brand","embeddable":true,"href":"https:\/\/www.carbow.com\/fr\/wp-json\/wp\/v2\/product_brand?post=830"},{"taxonomy":"product_cat","embeddable":true,"href":"https:\/\/www.carbow.com\/fr\/wp-json\/wp\/v2\/product_cat?post=830"},{"taxonomy":"product_tag","embeddable":true,"href":"https:\/\/www.carbow.com\/fr\/wp-json\/wp\/v2\/product_tag?post=830"}],"curies":[{"name":"wp","href":"https:\/\/api.w.org\/{rel}","templated":true}]}}