{"id":829,"date":"2024-04-19T11:59:24","date_gmt":"2024-04-19T09:59:24","guid":{"rendered":"https:\/\/www.carbow.com\/produit\/archet-de-contrebasse-allemand-grenouille-en-bois-de-serpent-baguette-noire-gary-karr\/"},"modified":"2026-02-27T16:38:27","modified_gmt":"2026-02-27T15:38:27","slug":"archet-contrebasse-allemand-hausse-en-bois-damourette-baguette-noire-gary-karr","status":"publish","type":"product","link":"https:\/\/www.carbow.com\/fr\/produit\/archet-contrebasse-allemand-hausse-en-bois-damourette-baguette-noire-gary-karr\/","title":{"rendered":"Archet de contrebasse allemand, hausse en bois d&#8217;amourette, baguette noire, &#8220;Gary Karr&#8221;"},"content":{"rendered":"<p>En 1998, le Maestro Gary Karr a accept\u00e9 de personnaliser l&#8217;un de nos <a href=\"https:\/\/www.carbow.com\/fr\/categorie-produit\/archets-fr\/archets-de-contrebasse-allemande\/\"><strong>archets de basse allemands<\/strong><\/a>. L&#8217;archet est plus court qu&#8217;un archet standard pour plus de flexibilit\u00e9 avec un centre de gravit\u00e9 bien positionn\u00e9 gr\u00e2ce \u00e0 la hausse en bois d&#8217;amourette. Cet archet, bien que relativement lourd, est facile \u00e0 jouer, produit un son puissant et est particuli\u00e8rement adapt\u00e9 aux solistes et aux musiciens d&#8217;orchestre.<br \/>\nMerci Gary pour ton &#8220;Karr&#8230;bow&#8221; !<\/p>\n","protected":false},"excerpt":{"rendered":"<p class=\"preFlex flexIn\"><strong>Poids = 138 \u00e0 144 grs<\/strong><br \/>\nLongueur de l&#8217;archet = 73,5cm<br \/>\nLongueur de la m\u00e8che = 54cm<br \/>\nHausse en \u00e9b\u00e8ne avec une nacre en Abalone<\/p>\n<p class=\"preFlex flexIn\"><em>Ref : GB-SN-BS<\/em><\/p>\n","protected":false},"featured_media":684,"comment_status":"open","ping_status":"closed","template":"","meta":{"_acf_changed":false},"product_brand":[],"product_cat":[46,48],"product_tag":[],"class_list":{"0":"post-829","1":"product","2":"type-product","3":"status-publish","4":"has-post-thumbnail","6":"product_cat-archets-de-contrebasse-allemande","7":"product_cat-archets-signature","9":"first","10":"instock","11":"shipping-taxable","12":"purchasable","13":"product-type-simple"},"acf":[],"_links":{"self":[{"href":"https:\/\/www.carbow.com\/fr\/wp-json\/wp\/v2\/product\/829","targetHints":{"allow":["GET"]}}],"collection":[{"href":"https:\/\/www.carbow.com\/fr\/wp-json\/wp\/v2\/product"}],"about":[{"href":"https:\/\/www.carbow.com\/fr\/wp-json\/wp\/v2\/types\/product"}],"replies":[{"embeddable":true,"href":"https:\/\/www.carbow.com\/fr\/wp-json\/wp\/v2\/comments?post=829"}],"wp:featuredmedia":[{"embeddable":true,"href":"https:\/\/www.carbow.com\/fr\/wp-json\/wp\/v2\/media\/684"}],"wp:attachment":[{"href":"https:\/\/www.carbow.com\/fr\/wp-json\/wp\/v2\/media?parent=829"}],"wp:term":[{"taxonomy":"product_brand","embeddable":true,"href":"https:\/\/www.carbow.com\/fr\/wp-json\/wp\/v2\/product_brand?post=829"},{"taxonomy":"product_cat","embeddable":true,"href":"https:\/\/www.carbow.com\/fr\/wp-json\/wp\/v2\/product_cat?post=829"},{"taxonomy":"product_tag","embeddable":true,"href":"https:\/\/www.carbow.com\/fr\/wp-json\/wp\/v2\/product_tag?post=829"}],"curies":[{"name":"wp","href":"https:\/\/api.w.org\/{rel}","templated":true}]}}