{"id":827,"date":"2024-04-19T13:52:52","date_gmt":"2024-04-19T11:52:52","guid":{"rendered":"https:\/\/www.carbow.com\/produit\/archet-dalto-hausse-en-bois-de-serpent-baguette-noire\/"},"modified":"2026-02-19T11:33:45","modified_gmt":"2026-02-19T10:33:45","slug":"archet-alto-hausse-en-amourette-baguette-noire","status":"publish","type":"product","link":"https:\/\/www.carbow.com\/fr\/produit\/archet-alto-hausse-en-amourette-baguette-noire\/","title":{"rendered":"Archet d&#8217;alto, Hausse en amourette, Baguette noire"},"content":{"rendered":"<div id=\"block-yui_3_17_2_1_1575200694357_86776\" class=\"sqs-block html-block sqs-block-html\" data-block-type=\"2\">\n<div class=\"sqs-block-content\">\n<div class=\"sqs-html-content\">\n<p class=\"sqsrte-large preFlex flexIn\">La hausse en bois d&#8217;amourette plus dense permet d&#8217;avoir un archet plus lourd, jusqu&#8217;\u00e0 75 grammes avec une bonne r\u00e9partition du poids. Cette baguette noire avec sa hausse en amourette offre un archet r\u00e9gulier adapt\u00e9 \u00e0 tous les styles de jeu et une excellente capacit\u00e9 de projection.<\/p>\n<\/div>\n<\/div>\n<\/div>\n","protected":false},"excerpt":{"rendered":"<p class=\"preFlex flexIn\"><strong>Poids = 71 \u00e0 75 grs<\/strong><br \/>\nLongueur de l&#8217;archet = 72,5cm<br \/>\nLongueur de la m\u00e8che = 63,5cm<br \/>\nHausse en amourette avec une nacre en MOP<\/p>\n<p class=\"preFlex flexIn\"><em>Ref : VIOLA-SN-BS<\/em><\/p>\n","protected":false},"featured_media":705,"comment_status":"open","ping_status":"closed","template":"","meta":{"_acf_changed":false},"product_brand":[],"product_cat":[52,51],"product_tag":[],"class_list":{"0":"post-827","1":"product","2":"type-product","3":"status-publish","4":"has-post-thumbnail","6":"product_cat-archets-dalto","7":"product_cat-archets-quatuor","9":"first","10":"instock","11":"shipping-taxable","12":"purchasable","13":"product-type-simple"},"acf":[],"_links":{"self":[{"href":"https:\/\/www.carbow.com\/fr\/wp-json\/wp\/v2\/product\/827","targetHints":{"allow":["GET"]}}],"collection":[{"href":"https:\/\/www.carbow.com\/fr\/wp-json\/wp\/v2\/product"}],"about":[{"href":"https:\/\/www.carbow.com\/fr\/wp-json\/wp\/v2\/types\/product"}],"replies":[{"embeddable":true,"href":"https:\/\/www.carbow.com\/fr\/wp-json\/wp\/v2\/comments?post=827"}],"wp:featuredmedia":[{"embeddable":true,"href":"https:\/\/www.carbow.com\/fr\/wp-json\/wp\/v2\/media\/705"}],"wp:attachment":[{"href":"https:\/\/www.carbow.com\/fr\/wp-json\/wp\/v2\/media?parent=827"}],"wp:term":[{"taxonomy":"product_brand","embeddable":true,"href":"https:\/\/www.carbow.com\/fr\/wp-json\/wp\/v2\/product_brand?post=827"},{"taxonomy":"product_cat","embeddable":true,"href":"https:\/\/www.carbow.com\/fr\/wp-json\/wp\/v2\/product_cat?post=827"},{"taxonomy":"product_tag","embeddable":true,"href":"https:\/\/www.carbow.com\/fr\/wp-json\/wp\/v2\/product_tag?post=827"}],"curies":[{"name":"wp","href":"https:\/\/api.w.org\/{rel}","templated":true}]}}