{"id":826,"date":"2024-04-19T13:52:12","date_gmt":"2024-04-19T11:52:12","guid":{"rendered":"https:\/\/www.carbow.com\/produit\/archet-dalto-hausse-en-ebene-baguette-noire\/"},"modified":"2026-02-27T16:34:42","modified_gmt":"2026-02-27T15:34:42","slug":"archet-dalto-hausse-en-ebene-baguette-noire","status":"publish","type":"product","link":"https:\/\/www.carbow.com\/fr\/produit\/archet-dalto-hausse-en-ebene-baguette-noire\/","title":{"rendered":"Archet d&#8217;alto, hausse en \u00e9b\u00e8ne, baguette noire"},"content":{"rendered":"<div id=\"block-b6c9696942b4e4e227c3\" class=\"sqs-block html-block sqs-block-html\" data-block-type=\"2\">\n<div class=\"sqs-block-content\">\n<div class=\"sqs-html-content\">\n<p class=\"sqsrte-large preFlex flexIn\">Avec sa baguette en fibre de carbone noire et ses fixations standard, cet archet d&#8217;alto permet aux musiciens de jouer avec un archet Carbow dans une gamme de prix inf\u00e9rieure. La baguette est stable, r\u00e9guli\u00e8re, adapt\u00e9e \u00e0 tous les styles de jeu et projette le c\u0153ur du son de l&#8217;instrument. La hausse de haute qualit\u00e9 est incrust\u00e9e d&#8217;une coquille d&#8217;abalone &#8216;\u0153il parisien&#8217;.<\/p>\n<\/div>\n<\/div>\n<\/div>\n","protected":false},"excerpt":{"rendered":"<p class=\"preFlex flexIn\"><strong>Poids = 68 \u00e0 73 grs<\/strong><br \/>\nLongueur de l&#8217;archet = 72,5cm<br \/>\nLongueur de la m\u00e8che = 63,5cm<br \/>\nHausse en \u00e9b\u00e8ne avec une nacre en Abalone<\/p>\n<p class=\"preFlex flexIn\"><em>Ref : ALTO-EB<\/em><\/p>\n","protected":false},"featured_media":702,"comment_status":"open","ping_status":"closed","template":"","meta":{"_acf_changed":false},"product_brand":[],"product_cat":[52,51],"product_tag":[],"class_list":{"0":"post-826","1":"product","2":"type-product","3":"status-publish","4":"has-post-thumbnail","6":"product_cat-archets-dalto","7":"product_cat-archets-quatuor","9":"first","10":"instock","11":"shipping-taxable","12":"purchasable","13":"product-type-simple"},"acf":[],"_links":{"self":[{"href":"https:\/\/www.carbow.com\/fr\/wp-json\/wp\/v2\/product\/826","targetHints":{"allow":["GET"]}}],"collection":[{"href":"https:\/\/www.carbow.com\/fr\/wp-json\/wp\/v2\/product"}],"about":[{"href":"https:\/\/www.carbow.com\/fr\/wp-json\/wp\/v2\/types\/product"}],"replies":[{"embeddable":true,"href":"https:\/\/www.carbow.com\/fr\/wp-json\/wp\/v2\/comments?post=826"}],"wp:featuredmedia":[{"embeddable":true,"href":"https:\/\/www.carbow.com\/fr\/wp-json\/wp\/v2\/media\/702"}],"wp:attachment":[{"href":"https:\/\/www.carbow.com\/fr\/wp-json\/wp\/v2\/media?parent=826"}],"wp:term":[{"taxonomy":"product_brand","embeddable":true,"href":"https:\/\/www.carbow.com\/fr\/wp-json\/wp\/v2\/product_brand?post=826"},{"taxonomy":"product_cat","embeddable":true,"href":"https:\/\/www.carbow.com\/fr\/wp-json\/wp\/v2\/product_cat?post=826"},{"taxonomy":"product_tag","embeddable":true,"href":"https:\/\/www.carbow.com\/fr\/wp-json\/wp\/v2\/product_tag?post=826"}],"curies":[{"name":"wp","href":"https:\/\/api.w.org\/{rel}","templated":true}]}}