{"id":825,"date":"2024-04-19T11:53:36","date_gmt":"2024-04-19T09:53:36","guid":{"rendered":"https:\/\/www.carbow.com\/produit\/archet-de-contrebasse-francais-copie-de-victor-fetique-grenouille-en-argent-de-29-mm\/"},"modified":"2026-02-27T16:39:46","modified_gmt":"2026-02-27T15:39:46","slug":"archet-contrebasse-francais-copie-de-victor-fetique-hausse-dargent-29mm","status":"publish","type":"product","link":"https:\/\/www.carbow.com\/fr\/produit\/archet-contrebasse-francais-copie-de-victor-fetique-hausse-dargent-29mm\/","title":{"rendered":"Archet de contrebasse fran\u00e7ais, copie de Victor Fetique, hausse d&#8217;argent 29mm"},"content":{"rendered":"<div id=\"block-yui_3_17_2_1_1645018344491_169392\" class=\"sqs-block html-block sqs-block-html\" data-block-type=\"2\">\n<div class=\"sqs-block-content\">\n<div class=\"sqs-html-content\">\n<p class=\"preFlex flexIn\">Cet archet est une r\u00e9plique d&#8217;un <a href=\"https:\/\/www.carbow.com\/fr\/categorie-produit\/archets-fr\/archets-de-contrebasse-francaise\/\"><strong>archet de contrebasse fran\u00e7aise<\/strong><\/a> sign\u00e9 par Victor F\u00e9tique, ma\u00eetre archetier mythique du d\u00e9but du 20\u00e8me si\u00e8cle. Il est plus souple, plus l\u00e9ger et plus court que les archets standards d&#8217;aujourd&#8217;hui. Les musiciens souhaitant un tr\u00e8s bon archet appr\u00e9cieront son poids et sa longueur. Il est vendu avec une tr\u00e8s belle hausse en argent massif avec un bel \u0153il parisien, comme l&#8217;original. La baguette poss\u00e8de tous les avantages technologiques de notre <em>CarboWave<\/em> qui donnent un son riche et plus ample.<\/p>\n<\/div>\n<\/div>\n<\/div>\n","protected":false},"excerpt":{"rendered":"<p class=\"preFlex flexIn\"><strong>Poids = 129 \u00e0 135 grs<\/strong><br \/>\nLongueur de l&#8217;archet = 68cm<br \/>\nLongueur de la m\u00e8che = 52,5cm<br \/>\nHausse argent en \u00e9b\u00e8ne avec une nacre en Goldfish<\/p>\n<p class=\"preFlex flexIn\"><em>REF : FB-29-FETIQUE<\/em><\/p>\n","protected":false},"featured_media":677,"comment_status":"open","ping_status":"closed","template":"","meta":{"_acf_changed":false},"product_brand":[],"product_cat":[47,48,50],"product_tag":[],"class_list":{"0":"post-825","1":"product","2":"type-product","3":"status-publish","4":"has-post-thumbnail","6":"product_cat-archets-fr","7":"product_cat-archets-signature","8":"product_cat-hausse-27-29mm","10":"first","11":"instock","12":"shipping-taxable","13":"purchasable","14":"product-type-simple"},"acf":[],"_links":{"self":[{"href":"https:\/\/www.carbow.com\/fr\/wp-json\/wp\/v2\/product\/825","targetHints":{"allow":["GET"]}}],"collection":[{"href":"https:\/\/www.carbow.com\/fr\/wp-json\/wp\/v2\/product"}],"about":[{"href":"https:\/\/www.carbow.com\/fr\/wp-json\/wp\/v2\/types\/product"}],"replies":[{"embeddable":true,"href":"https:\/\/www.carbow.com\/fr\/wp-json\/wp\/v2\/comments?post=825"}],"wp:featuredmedia":[{"embeddable":true,"href":"https:\/\/www.carbow.com\/fr\/wp-json\/wp\/v2\/media\/677"}],"wp:attachment":[{"href":"https:\/\/www.carbow.com\/fr\/wp-json\/wp\/v2\/media?parent=825"}],"wp:term":[{"taxonomy":"product_brand","embeddable":true,"href":"https:\/\/www.carbow.com\/fr\/wp-json\/wp\/v2\/product_brand?post=825"},{"taxonomy":"product_cat","embeddable":true,"href":"https:\/\/www.carbow.com\/fr\/wp-json\/wp\/v2\/product_cat?post=825"},{"taxonomy":"product_tag","embeddable":true,"href":"https:\/\/www.carbow.com\/fr\/wp-json\/wp\/v2\/product_tag?post=825"}],"curies":[{"name":"wp","href":"https:\/\/api.w.org\/{rel}","templated":true}]}}