{"id":823,"date":"2024-04-19T11:52:51","date_gmt":"2024-04-19T09:52:51","guid":{"rendered":"https:\/\/www.carbow.com\/produit\/archet-de-contrebasse-francais-modele-renaud-garcia-fons\/"},"modified":"2026-02-27T16:40:12","modified_gmt":"2026-02-27T15:40:12","slug":"archet-de-contrebasse-francais-modele-renaud-garcia-fons","status":"publish","type":"product","link":"https:\/\/www.carbow.com\/fr\/produit\/archet-de-contrebasse-francais-modele-renaud-garcia-fons\/","title":{"rendered":"Archet de contrebasse fran\u00e7ais, mod\u00e8le Renaud Garcia-Fons"},"content":{"rendered":"<p>Ce mod\u00e8le a \u00e9t\u00e9 d\u00e9velopp\u00e9 avec le contrebassiste Renaud Garc\u00eda-Fons, qui nous le pr\u00e9sente :<\/p>\n<p>&#8220;Ce mod\u00e8le d&#8217;archet Carbow qui porte mon nom est le fruit d&#8217;une intense et pers\u00e9v\u00e9rante collaboration de plusieurs ann\u00e9es avec son concepteur, Olivier Philippot. \u00c0 mon sens, il repr\u00e9sente l&#8217;aboutissement de l&#8217;\u00e9volution de l&#8217;archet carbone pour contrebasse tant en terme de sonorit\u00e9 que de commodit\u00e9 de jeu. Sur le plan sonore, cet <a href=\"https:\/\/www.carbow.com\/fr\/categorie-produit\/archets-fr\/archets-de-contrebasse-francaise\/\"><strong>archet fran\u00e7ais<\/strong><\/a> permet la production d&#8217;une sonorit\u00e9 riche en m\u00e9dium et en fr\u00e9quences aigu\u00ebs, lui conf\u00e9rant toutes les qualit\u00e9s pour un jeu de contrebasse chantant et expressif. Il est \u00e0 noter que le rendu des fr\u00e9quences graves et la rapidit\u00e9 d&#8217;\u00e9mission du son, sont \u00e9galement optimis\u00e9s. Sur le plan de la commodit\u00e9 de jeu, cet archet pr\u00e9sente un excellent \u00e9quilibre entre la souplesse et la r\u00e9activit\u00e9 de la baguette. Cette tonicit\u00e9 ainsi que la courbure de la baguette permet un jeu extr\u00eamement pr\u00e9cis sur le plan rythmique. En outre, il pr\u00e9sente un \u00e9quilibre optimis\u00e9 facilitant notamment certains modes de jeu, comme le sautill\u00e9 et le spicatto. Je terminerais en disant que cet archet est mon plus fid\u00e8le compagnon de tourn\u00e9e.&#8221;<\/p>\n<p>&#8211; Renaud Garcia-Fons<\/p>\n","protected":false},"excerpt":{"rendered":"<p class=\"preFlex flexIn\"><strong>Poids = 132 \u00e0 136grs<\/strong><br \/>\nLongueur de l&#8217;archet = 70cm<br \/>\nLongueur de la m\u00e8che = 54,5cm<br \/>\nHausse en \u00e9b\u00e8ne de 30mm avec une nacre en Abalone<\/p>\n<p class=\"preFlex flexIn\"><em>R\u00e9f = FB-30-RGF-CW<\/em><\/p>\n","protected":false},"featured_media":674,"comment_status":"open","ping_status":"closed","template":"","meta":{"_acf_changed":false},"product_brand":[],"product_cat":[43,48,44],"product_tag":[],"class_list":{"0":"post-823","1":"product","2":"type-product","3":"status-publish","4":"has-post-thumbnail","6":"product_cat-archets-de-contrebasse-francaise","7":"product_cat-archets-signature","8":"product_cat-hausse-de-30-mm","10":"first","11":"instock","12":"shipping-taxable","13":"purchasable","14":"product-type-simple"},"acf":[],"_links":{"self":[{"href":"https:\/\/www.carbow.com\/fr\/wp-json\/wp\/v2\/product\/823","targetHints":{"allow":["GET"]}}],"collection":[{"href":"https:\/\/www.carbow.com\/fr\/wp-json\/wp\/v2\/product"}],"about":[{"href":"https:\/\/www.carbow.com\/fr\/wp-json\/wp\/v2\/types\/product"}],"replies":[{"embeddable":true,"href":"https:\/\/www.carbow.com\/fr\/wp-json\/wp\/v2\/comments?post=823"}],"wp:featuredmedia":[{"embeddable":true,"href":"https:\/\/www.carbow.com\/fr\/wp-json\/wp\/v2\/media\/674"}],"wp:attachment":[{"href":"https:\/\/www.carbow.com\/fr\/wp-json\/wp\/v2\/media?parent=823"}],"wp:term":[{"taxonomy":"product_brand","embeddable":true,"href":"https:\/\/www.carbow.com\/fr\/wp-json\/wp\/v2\/product_brand?post=823"},{"taxonomy":"product_cat","embeddable":true,"href":"https:\/\/www.carbow.com\/fr\/wp-json\/wp\/v2\/product_cat?post=823"},{"taxonomy":"product_tag","embeddable":true,"href":"https:\/\/www.carbow.com\/fr\/wp-json\/wp\/v2\/product_tag?post=823"}],"curies":[{"name":"wp","href":"https:\/\/api.w.org\/{rel}","templated":true}]}}