{"id":819,"date":"2024-04-19T12:01:01","date_gmt":"2024-04-19T10:01:01","guid":{"rendered":"https:\/\/www.carbow.com\/produit\/archet-de-contrebasse-allemand-composite-frog-naturbow\/"},"modified":"2026-02-27T16:36:33","modified_gmt":"2026-02-27T15:36:33","slug":"archet-contrebasse-allemand-hausse-en-composite-naturbow","status":"publish","type":"product","link":"https:\/\/www.carbow.com\/fr\/produit\/archet-contrebasse-allemand-hausse-en-composite-naturbow\/","title":{"rendered":"Archet de contrebasse allemand, hausse en composite, Naturbow\u00ae."},"content":{"rendered":"<div id=\"block-yui_3_17_2_1_1575135121997_277896\" class=\"sqs-block html-block sqs-block-html\" data-block-type=\"2\">\n<div class=\"sqs-block-content\">\n<div class=\"sqs-html-content\">\n<p class=\"sqsrte-large preFlex flexIn\">D\u00e9velopp\u00e9e avec le contrebassiste Barre Phillips, la hausse est plus fine et plus petite que notre hausse habituelle <em>de style Pfretzschner<\/em>. Cet <a href=\"https:\/\/www.carbow.com\/fr\/categorie-produit\/archets-fr\/archets-de-contrebasse-allemande\/\"><strong>archet de contrebasse allemande<\/strong><\/a> est tr\u00e8s agr\u00e9able \u00e0 tenir et malgr\u00e9 sa finesse, sa force r\u00e9side dans le mat\u00e9riau enti\u00e8rement composite. Mont\u00e9e sur une baguette plus souple que nos mod\u00e8les pr\u00e9c\u00e9dents, cette \u00e9l\u00e9gante hausse devient tr\u00e8s efficace.<\/p>\n<\/div>\n<\/div>\n<\/div>\n","protected":false},"excerpt":{"rendered":"<p class=\"preFlex flexIn\"><strong>Poids = 134 \u00e0 140 grs<\/strong><br \/>\nLongueur de l&#8217;archet = 74cm<br \/>\nLongueur de la m\u00e8che = 55cm<br \/>\nHausse en composites mod\u00e8le Barre Phillips avec une nacre en Abalone<\/p>\n<p class=\"preFlex flexIn\"><em>Ref : GB-Natur<\/em><\/p>\n","protected":false},"featured_media":690,"comment_status":"open","ping_status":"closed","template":"","meta":{"_acf_changed":false},"product_brand":[],"product_cat":[46],"product_tag":[],"class_list":{"0":"post-819","1":"product","2":"type-product","3":"status-publish","4":"has-post-thumbnail","6":"product_cat-archets-de-contrebasse-allemande","8":"first","9":"instock","10":"shipping-taxable","11":"purchasable","12":"product-type-simple"},"acf":[],"_links":{"self":[{"href":"https:\/\/www.carbow.com\/fr\/wp-json\/wp\/v2\/product\/819","targetHints":{"allow":["GET"]}}],"collection":[{"href":"https:\/\/www.carbow.com\/fr\/wp-json\/wp\/v2\/product"}],"about":[{"href":"https:\/\/www.carbow.com\/fr\/wp-json\/wp\/v2\/types\/product"}],"replies":[{"embeddable":true,"href":"https:\/\/www.carbow.com\/fr\/wp-json\/wp\/v2\/comments?post=819"}],"wp:featuredmedia":[{"embeddable":true,"href":"https:\/\/www.carbow.com\/fr\/wp-json\/wp\/v2\/media\/690"}],"wp:attachment":[{"href":"https:\/\/www.carbow.com\/fr\/wp-json\/wp\/v2\/media?parent=819"}],"wp:term":[{"taxonomy":"product_brand","embeddable":true,"href":"https:\/\/www.carbow.com\/fr\/wp-json\/wp\/v2\/product_brand?post=819"},{"taxonomy":"product_cat","embeddable":true,"href":"https:\/\/www.carbow.com\/fr\/wp-json\/wp\/v2\/product_cat?post=819"},{"taxonomy":"product_tag","embeddable":true,"href":"https:\/\/www.carbow.com\/fr\/wp-json\/wp\/v2\/product_tag?post=819"}],"curies":[{"name":"wp","href":"https:\/\/api.w.org\/{rel}","templated":true}]}}