{"id":816,"date":"2024-04-19T11:50:10","date_gmt":"2024-04-19T09:50:10","guid":{"rendered":"https:\/\/www.carbow.com\/produit\/archet-francais-de-contrebasse-hausse-en-composite-de-30-mm-naturbow\/"},"modified":"2026-02-27T16:41:32","modified_gmt":"2026-02-27T15:41:32","slug":"archet-francais-de-contrebasse-hausse-en-composite-de-30-mm-naturbow","status":"publish","type":"product","link":"https:\/\/www.carbow.com\/fr\/produit\/archet-francais-de-contrebasse-hausse-en-composite-de-30-mm-naturbow\/","title":{"rendered":"Archet de contrebasse fran\u00e7ais, hausse en composite de 30 mm, Naturbow\u00ae"},"content":{"rendered":"<p class=\"preFlex flexIn\">Comment fabriquer un archet qui combine les avantages du bois et du carbone ?<\/p>\n<p class=\"preFlex flexIn\">Il s\u2019appelle Naturbow\u00ae, est n\u00e9 en 2019 et utilise notre toute derni\u00e8re technologie !<br \/>\nEn associant des fibres v\u00e9g\u00e9tales \u00e0 des fibres de carbone, nous avons produit une baguette qui combine une excellente dynamique de jeu avec un tr\u00e8s bon son. <a href=\"https:\/\/www.carbow.com\/fr\/categorie-produit\/archets-fr\/archets-de-contrebasse-francaise\/\"><strong>L\u2019archet fran\u00e7ais<\/strong><\/a> poss\u00e8de une hausse en composites, stable, r\u00e9sistante et insensible aux variations d\u2019humidit\u00e9. Cela nous a demand\u00e9 beaucoup de temps, d\u2019essais, d\u2019erreurs pour arriver \u00e0 ce v\u00e9ritable saut technologique. Pas de bois, d\u2019\u00e9b\u00e8ne, pas de nacre, libre de tous mat\u00e9riaux exotiques ou class\u00e9s CITES&#8230;, nous sommes tr\u00e8s fiers de vous pr\u00e9senter le Naturbow\u00ae !<\/p>\n<p>Ces baguettes sont aussi disponibles avec une hausse en argent, nous contacter<\/p>\n","protected":false},"excerpt":{"rendered":"<p class=\"preFlex flexIn\"><strong>Poids = 130 \u00e0 138 grs<\/strong><br \/>\nLongueur de l&#8217;archet = 70cm<br \/>\nHausse en composites avec un recouvrement noir sign\u00e9 Carbow<\/p>\n<p class=\"preFlex flexIn\"><em>Ref : FB-30-NATUR<\/em><\/p>\n","protected":false},"featured_media":681,"comment_status":"open","ping_status":"closed","template":"","meta":{"_acf_changed":false},"product_brand":[],"product_cat":[43,44],"product_tag":[],"class_list":{"0":"post-816","1":"product","2":"type-product","3":"status-publish","4":"has-post-thumbnail","6":"product_cat-archets-de-contrebasse-francaise","7":"product_cat-hausse-de-30-mm","9":"first","10":"instock","11":"shipping-taxable","12":"purchasable","13":"product-type-simple"},"acf":[],"_links":{"self":[{"href":"https:\/\/www.carbow.com\/fr\/wp-json\/wp\/v2\/product\/816","targetHints":{"allow":["GET"]}}],"collection":[{"href":"https:\/\/www.carbow.com\/fr\/wp-json\/wp\/v2\/product"}],"about":[{"href":"https:\/\/www.carbow.com\/fr\/wp-json\/wp\/v2\/types\/product"}],"replies":[{"embeddable":true,"href":"https:\/\/www.carbow.com\/fr\/wp-json\/wp\/v2\/comments?post=816"}],"wp:featuredmedia":[{"embeddable":true,"href":"https:\/\/www.carbow.com\/fr\/wp-json\/wp\/v2\/media\/681"}],"wp:attachment":[{"href":"https:\/\/www.carbow.com\/fr\/wp-json\/wp\/v2\/media?parent=816"}],"wp:term":[{"taxonomy":"product_brand","embeddable":true,"href":"https:\/\/www.carbow.com\/fr\/wp-json\/wp\/v2\/product_brand?post=816"},{"taxonomy":"product_cat","embeddable":true,"href":"https:\/\/www.carbow.com\/fr\/wp-json\/wp\/v2\/product_cat?post=816"},{"taxonomy":"product_tag","embeddable":true,"href":"https:\/\/www.carbow.com\/fr\/wp-json\/wp\/v2\/product_tag?post=816"}],"curies":[{"name":"wp","href":"https:\/\/api.w.org\/{rel}","templated":true}]}}