{"id":815,"date":"2024-04-19T10:53:45","date_gmt":"2024-04-19T08:53:45","guid":{"rendered":"https:\/\/www.carbow.com\/produit\/archet-de-contrebasse-francais-hausse-en-ebene-de-30-mm-baguette-noire\/"},"modified":"2026-02-27T16:44:43","modified_gmt":"2026-02-27T15:44:43","slug":"archet-de-contrebasse-francais-hausse-en-ebene-de-30-mm-baguette-noire","status":"publish","type":"product","link":"https:\/\/www.carbow.com\/fr\/produit\/archet-de-contrebasse-francais-hausse-en-ebene-de-30-mm-baguette-noire\/","title":{"rendered":"Archet de contrebasse fran\u00e7ais, hausse en \u00e9b\u00e8ne de 30 mm, baguette noire"},"content":{"rendered":"<p>La baguette noire, avec sa m\u00e9thode de fabrication standard, est un excellent rapport qualit\u00e9-prix de la gamme Carbow. C&#8217;est un archet tr\u00e8s r\u00e9gulier et doux, adapt\u00e9 \u00e0 tous les styles de jeu. La hausse est simple avec le talon en \u00e9b\u00e8ne plein et un \u0153il simple en nacre. La poucette en cuir est confortable \u00e0 tenir et la pointe plus large de la t\u00eate est tr\u00e8s r\u00e9sistante. Un classique.<\/p>\n<div id=\"block-3c9bd6d4c05e63ecf894\" class=\"sqs-block image-block sqs-block-image sqs-text-ready\" data-block-type=\"5\">\n<div id=\"yui_3_17_2_1_1716984200520_95\" class=\"sqs-block-content\">\n<div id=\"yui_3_17_2_1_1716984200520_94\" class=\"image-block-outer-wrapper layout-caption-below design-layout-inline combination-animation-site-default individual-animation-site-default individual-text-animation-site-default\" data-test=\"image-block-inline-outer-wrapper\">\n<figure id=\"yui_3_17_2_1_1716984200520_93\" class=\" sqs-block-image-figure intrinsic \">\n<div id=\"yui_3_17_2_1_1716984200520_92\" class=\"image-block-wrapper preFlex flexIn\" data-animation-role=\"image\">\n<div id=\"yui_3_17_2_1_1716984200520_91\" class=\"sqs-image-shape-container-element has-aspect-ratio \"><\/div>\n<\/div>\n<\/figure>\n<\/div>\n<\/div>\n<\/div>\n","protected":false},"excerpt":{"rendered":"<p class=\"preFlex flexIn\"><strong>Poids = 130 \u00e0 137 grs<\/strong><br \/>\nLongueur de l&#8217;archet = 70cm<br \/>\nLongueur de la m\u00e8che = 54,5cm<br \/>\nHausse en \u00e9b\u00e8ne de 30mm avec une nacre en MOP<\/p>\n<p class=\"preFlex flexIn\"><em>R\u00e9f = FB-30-EB-BS<\/em><\/p>\n","protected":false},"featured_media":647,"comment_status":"open","ping_status":"closed","template":"","meta":{"_acf_changed":false},"product_brand":[],"product_cat":[43,44],"product_tag":[],"class_list":{"0":"post-815","1":"product","2":"type-product","3":"status-publish","4":"has-post-thumbnail","6":"product_cat-archets-de-contrebasse-francaise","7":"product_cat-hausse-de-30-mm","9":"first","10":"instock","11":"shipping-taxable","12":"purchasable","13":"product-type-simple"},"acf":[],"_links":{"self":[{"href":"https:\/\/www.carbow.com\/fr\/wp-json\/wp\/v2\/product\/815","targetHints":{"allow":["GET"]}}],"collection":[{"href":"https:\/\/www.carbow.com\/fr\/wp-json\/wp\/v2\/product"}],"about":[{"href":"https:\/\/www.carbow.com\/fr\/wp-json\/wp\/v2\/types\/product"}],"replies":[{"embeddable":true,"href":"https:\/\/www.carbow.com\/fr\/wp-json\/wp\/v2\/comments?post=815"}],"wp:featuredmedia":[{"embeddable":true,"href":"https:\/\/www.carbow.com\/fr\/wp-json\/wp\/v2\/media\/647"}],"wp:attachment":[{"href":"https:\/\/www.carbow.com\/fr\/wp-json\/wp\/v2\/media?parent=815"}],"wp:term":[{"taxonomy":"product_brand","embeddable":true,"href":"https:\/\/www.carbow.com\/fr\/wp-json\/wp\/v2\/product_brand?post=815"},{"taxonomy":"product_cat","embeddable":true,"href":"https:\/\/www.carbow.com\/fr\/wp-json\/wp\/v2\/product_cat?post=815"},{"taxonomy":"product_tag","embeddable":true,"href":"https:\/\/www.carbow.com\/fr\/wp-json\/wp\/v2\/product_tag?post=815"}],"curies":[{"name":"wp","href":"https:\/\/api.w.org\/{rel}","templated":true}]}}