{"id":812,"date":"2024-04-19T11:46:15","date_gmt":"2024-04-19T09:46:15","guid":{"rendered":"https:\/\/www.carbow.com\/produit\/archet-de-contrebasse-francais-hausse-en-ebene-de-30-mm-baguette-brune-cw\/"},"modified":"2026-02-27T16:43:56","modified_gmt":"2026-02-27T15:43:56","slug":"archet-contrebasse-francais-hausse-en-ebene-de-30-mm-baguette-marron-cw","status":"publish","type":"product","link":"https:\/\/www.carbow.com\/fr\/produit\/archet-contrebasse-francais-hausse-en-ebene-de-30-mm-baguette-marron-cw\/","title":{"rendered":"Archet de contrebasse fran\u00e7ais, hausse en \u00e9b\u00e8ne de 30 mm, baguette marron CW"},"content":{"rendered":"<p>Jou\u00e9e par de nombreux musiciens professionnels, cette baguette de couleur marron utilise la technologie &#8220;CarboWave&#8221; et notre meilleur savoir-faire. Avec ce mod\u00e8le, vous aurez une baguette tr\u00e8s r\u00e9guli\u00e8re avec un son profond et riche. Le montage de cet <a href=\"https:\/\/www.carbow.com\/fr\/categorie-produit\/archets-fr\/archets-de-contrebasse-francaise\/\"><strong>archet<\/strong><\/a>, avec sa belle hausse en \u00e9b\u00e8ne et une nacre en Abalone, est comparable \u00e0 certains archets en bois r\u00e9put\u00e9s. Hausse en argent sur demande.<\/p>\n","protected":false},"excerpt":{"rendered":"<p class=\"preFlex flexIn\"><strong>Poids = 133 \u00e0 140 grs<\/strong><br \/>\nLongueur de l&#8217;archet = 70cm<br \/>\nLongueur des crins= 54,5cm<br \/>\nHausse en \u00e9b\u00e8ne de 30mm avec une nacre en Abalone<\/p>\n<p class=\"preFlex flexIn\"><em>Ref : FB-30-EB-CW<\/em><\/p>\n","protected":false},"featured_media":654,"comment_status":"open","ping_status":"closed","template":"","meta":{"_acf_changed":false},"product_brand":[],"product_cat":[43,44],"product_tag":[],"class_list":{"0":"post-812","1":"product","2":"type-product","3":"status-publish","4":"has-post-thumbnail","6":"product_cat-archets-de-contrebasse-francaise","7":"product_cat-hausse-de-30-mm","9":"first","10":"instock","11":"shipping-taxable","12":"purchasable","13":"product-type-simple"},"acf":[],"_links":{"self":[{"href":"https:\/\/www.carbow.com\/fr\/wp-json\/wp\/v2\/product\/812","targetHints":{"allow":["GET"]}}],"collection":[{"href":"https:\/\/www.carbow.com\/fr\/wp-json\/wp\/v2\/product"}],"about":[{"href":"https:\/\/www.carbow.com\/fr\/wp-json\/wp\/v2\/types\/product"}],"replies":[{"embeddable":true,"href":"https:\/\/www.carbow.com\/fr\/wp-json\/wp\/v2\/comments?post=812"}],"wp:featuredmedia":[{"embeddable":true,"href":"https:\/\/www.carbow.com\/fr\/wp-json\/wp\/v2\/media\/654"}],"wp:attachment":[{"href":"https:\/\/www.carbow.com\/fr\/wp-json\/wp\/v2\/media?parent=812"}],"wp:term":[{"taxonomy":"product_brand","embeddable":true,"href":"https:\/\/www.carbow.com\/fr\/wp-json\/wp\/v2\/product_brand?post=812"},{"taxonomy":"product_cat","embeddable":true,"href":"https:\/\/www.carbow.com\/fr\/wp-json\/wp\/v2\/product_cat?post=812"},{"taxonomy":"product_tag","embeddable":true,"href":"https:\/\/www.carbow.com\/fr\/wp-json\/wp\/v2\/product_tag?post=812"}],"curies":[{"name":"wp","href":"https:\/\/api.w.org\/{rel}","templated":true}]}}