{"id":2270,"date":"2026-01-07T17:02:51","date_gmt":"2026-01-07T16:02:51","guid":{"rendered":"https:\/\/www.carbow.com\/?post_type=product&#038;p=2270"},"modified":"2026-02-19T11:31:05","modified_gmt":"2026-02-19T10:31:05","slug":"archet-de-contrebasse-francais-hausse-en-composite-de-32-mm","status":"publish","type":"product","link":"https:\/\/www.carbow.com\/fr\/produit\/archet-de-contrebasse-francais-hausse-en-composite-de-32-mm\/","title":{"rendered":"Archet de contrebasse fran\u00e7ais, hausse en composite de 32 mm, Naturbow\u00ae"},"content":{"rendered":"<p>Comment fabriquer un archet qui combine les avantages du bois et du carbone ?<\/p>\n<p>Il s\u2019appelle Natur&#8217;bow\u00ae, est n\u00e9 en 2019 et utilise notre toute derni\u00e8re technologie !<br \/>\nEn associant des fibres v\u00e9g\u00e9tales \u00e0 des fibres de carbone, nous avons produit une baguette qui combine une excellente dynamique de jeu avec un tr\u00e8s bon son.<br \/>\nCet archet fran\u00e7ais poss\u00e8de une hausse en composites de 32mm qui associ\u00e9e \u00e0 une baguette cambr\u00e9 offre une capacit\u00e9 de jeu \u00e9tonnante, avec une son tr\u00e8s riche et puissant dans les graves m\u00e9dium.<br \/>\nPas de bois, d\u2019\u00e9b\u00e8ne, pas de nacre, libre de tous mat\u00e9riaux exotiques ou class\u00e9s CITES\u2026, nous sommes tr\u00e8s fiers de vous pr\u00e9senter le Natur&#8217;bow\u00ae !<\/p>\n<p>Ces baguettes sont aussi disponibles avec une hausse en argent, nous contacter<\/p>\n","protected":false},"excerpt":{"rendered":"<p><strong>Poids<\/strong> = 130 \u00e0 138 grs<br \/>\nLongueur de l&#8217;archet = 70cm<br \/>\nHausse en composites avec un recouvrement noir sign\u00e9 Carbow<br \/>\nRef : FB-32-NATUR<\/p>\n","protected":false},"featured_media":2271,"comment_status":"closed","ping_status":"closed","template":"","meta":{"_acf_changed":false},"product_brand":[],"product_cat":[43,45],"product_tag":[],"class_list":{"0":"post-2270","1":"product","2":"type-product","3":"status-publish","4":"has-post-thumbnail","6":"product_cat-archets-de-contrebasse-francaise","7":"product_cat-hausse-de-32-mm","9":"first","10":"instock","11":"shipping-taxable","12":"purchasable","13":"product-type-simple"},"acf":[],"_links":{"self":[{"href":"https:\/\/www.carbow.com\/fr\/wp-json\/wp\/v2\/product\/2270","targetHints":{"allow":["GET"]}}],"collection":[{"href":"https:\/\/www.carbow.com\/fr\/wp-json\/wp\/v2\/product"}],"about":[{"href":"https:\/\/www.carbow.com\/fr\/wp-json\/wp\/v2\/types\/product"}],"replies":[{"embeddable":true,"href":"https:\/\/www.carbow.com\/fr\/wp-json\/wp\/v2\/comments?post=2270"}],"wp:featuredmedia":[{"embeddable":true,"href":"https:\/\/www.carbow.com\/fr\/wp-json\/wp\/v2\/media\/2271"}],"wp:attachment":[{"href":"https:\/\/www.carbow.com\/fr\/wp-json\/wp\/v2\/media?parent=2270"}],"wp:term":[{"taxonomy":"product_brand","embeddable":true,"href":"https:\/\/www.carbow.com\/fr\/wp-json\/wp\/v2\/product_brand?post=2270"},{"taxonomy":"product_cat","embeddable":true,"href":"https:\/\/www.carbow.com\/fr\/wp-json\/wp\/v2\/product_cat?post=2270"},{"taxonomy":"product_tag","embeddable":true,"href":"https:\/\/www.carbow.com\/fr\/wp-json\/wp\/v2\/product_tag?post=2270"}],"curies":[{"name":"wp","href":"https:\/\/api.w.org\/{rel}","templated":true}]}}