{"id":1345,"date":"2024-06-07T09:49:42","date_gmt":"2024-06-07T07:49:42","guid":{"rendered":"https:\/\/www.carbow.com\/?post_type=product&#038;p=1345"},"modified":"2026-02-19T11:32:01","modified_gmt":"2026-02-19T10:32:01","slug":"archet-de-violoncelle-hausse-en-ebene-baguette-marron-cw","status":"publish","type":"product","link":"https:\/\/www.carbow.com\/fr\/produit\/archet-de-violoncelle-hausse-en-ebene-baguette-marron-cw\/","title":{"rendered":"Archet de violoncelle, hausse en \u00e9b\u00e8ne, baguette marron CW"},"content":{"rendered":"<div id=\"block-yui_3_17_2_1_1575654360358_21240\" class=\"sqs-block html-block sqs-block-html\" data-block-type=\"2\">\n<div class=\"sqs-block-content\">\n<div class=\"sqs-html-content\">\n<p class=\"sqsrte-large preFlex flexIn\">Nos baguettes de couleur marron sont fabriqu\u00e9es en utilisant le meilleur de la technologie et du savoir-faire &#8220;CarboWave&#8221;. Ce mod\u00e8le offre aux joueurs de cordes une r\u00e9ponse rapide et un son profond et riche. L&#8217;assemblage de cet archet, avec sa belle hausse en \u00e9b\u00e8ne avec une nacre en Abalone, donne un excellent rapport qualit\u00e9-prix. Hausse en argent sur demande.<\/p>\n<\/div>\n<\/div>\n<\/div>\n","protected":false},"excerpt":{"rendered":"<p class=\"preFlex flexIn\"><strong>Poids = 80 \u00e0 84 grs<\/strong><br \/>\nLongueur de l&#8217;archet = 70cm<br \/>\nLongueur de la m\u00e8che= 60cm<br \/>\nHausse en \u00e9b\u00e8ne avec une nacre en Abalone<\/p>\n<p class=\"preFlex flexIn\"><em>Ref : CELLO-EB-CW<\/em><\/p>\n","protected":false},"featured_media":712,"comment_status":"closed","ping_status":"closed","template":"","meta":{"_acf_changed":false},"product_brand":[],"product_cat":[55,51],"product_tag":[],"class_list":{"0":"post-1345","1":"product","2":"type-product","3":"status-publish","4":"has-post-thumbnail","6":"product_cat-archets-de-violoncelle","7":"product_cat-archets-quatuor","9":"first","10":"instock","11":"shipping-taxable","12":"purchasable","13":"product-type-simple"},"acf":[],"_links":{"self":[{"href":"https:\/\/www.carbow.com\/fr\/wp-json\/wp\/v2\/product\/1345","targetHints":{"allow":["GET"]}}],"collection":[{"href":"https:\/\/www.carbow.com\/fr\/wp-json\/wp\/v2\/product"}],"about":[{"href":"https:\/\/www.carbow.com\/fr\/wp-json\/wp\/v2\/types\/product"}],"replies":[{"embeddable":true,"href":"https:\/\/www.carbow.com\/fr\/wp-json\/wp\/v2\/comments?post=1345"}],"wp:featuredmedia":[{"embeddable":true,"href":"https:\/\/www.carbow.com\/fr\/wp-json\/wp\/v2\/media\/712"}],"wp:attachment":[{"href":"https:\/\/www.carbow.com\/fr\/wp-json\/wp\/v2\/media?parent=1345"}],"wp:term":[{"taxonomy":"product_brand","embeddable":true,"href":"https:\/\/www.carbow.com\/fr\/wp-json\/wp\/v2\/product_brand?post=1345"},{"taxonomy":"product_cat","embeddable":true,"href":"https:\/\/www.carbow.com\/fr\/wp-json\/wp\/v2\/product_cat?post=1345"},{"taxonomy":"product_tag","embeddable":true,"href":"https:\/\/www.carbow.com\/fr\/wp-json\/wp\/v2\/product_tag?post=1345"}],"curies":[{"name":"wp","href":"https:\/\/api.w.org\/{rel}","templated":true}]}}