{"id":784,"date":"2024-04-18T10:47:27","date_gmt":"2024-04-18T08:47:27","guid":{"rendered":"https:\/\/www.carbow.com\/a-propos-de\/"},"modified":"2025-05-19T16:00:01","modified_gmt":"2025-05-19T14:00:01","slug":"a-propos","status":"publish","type":"page","link":"https:\/\/www.carbow.com\/fr\/a-propos\/","title":{"rendered":"A propos de"},"content":{"rendered":"\t\t<div data-elementor-type=\"wp-page\" data-elementor-id=\"784\" class=\"elementor elementor-784 elementor-25\" data-elementor-post-type=\"page\">\n\t\t\t\t<div class=\"elementor-element elementor-element-49db7089 e-flex e-con-boxed e-con e-parent\" data-id=\"49db7089\" data-element_type=\"container\" data-e-type=\"container\" data-settings=\"{&quot;background_background&quot;:&quot;classic&quot;}\">\n\t\t\t\t\t<div class=\"e-con-inner\">\n\t\t\t\t<div class=\"elementor-element elementor-element-586e7276 elementor-widget__width-initial elementor-invisible elementor-widget elementor-widget-heading\" data-id=\"586e7276\" data-element_type=\"widget\" data-e-type=\"widget\" data-settings=\"{&quot;_animation&quot;:&quot;fadeInUp&quot;}\" data-widget_type=\"heading.default\">\n\t\t\t\t<div class=\"elementor-widget-container\">\n\t\t\t\t\t<h2 class=\"elementor-heading-title elementor-size-default\">Du carbone \u00e0 Carbow<\/h2>\t\t\t\t<\/div>\n\t\t\t\t<\/div>\n\t\t\t\t\t<\/div>\n\t\t\t\t<\/div>\n\t\t<div class=\"elementor-element elementor-element-09c8b60 e-flex e-con-boxed e-con e-parent\" data-id=\"09c8b60\" data-element_type=\"container\" data-e-type=\"container\" data-settings=\"{&quot;background_background&quot;:&quot;classic&quot;}\">\n\t\t\t\t\t<div class=\"e-con-inner\">\n\t\t\t\t<div class=\"elementor-element elementor-element-5bd8095 elementor-widget elementor-widget-text-editor\" data-id=\"5bd8095\" data-element_type=\"widget\" data-e-type=\"widget\" data-widget_type=\"text-editor.default\">\n\t\t\t\t<div class=\"elementor-widget-container\">\n\t\t\t\t\t\t\t\t\t<p>Les propri\u00e9t\u00e9s du carbone ne suffisent pas \u00e0 expliquer la magie des archets auxquels il donne naissance chez Carbow. Carbow c\u2019est d\u2019abord une \u00e9thique d\u2019entreprise port\u00e9e par son cr\u00e9ateur, faite \u00e0 la fois d\u2019innovation, de tradition, de rigueur et d\u2019ouverture. Cette \u00e9thique se retrouve dans chaque archet Carbow.<\/p>\t\t\t\t\t\t\t\t<\/div>\n\t\t\t\t<\/div>\n\t\t\t\t<div class=\"elementor-element elementor-element-f90a8a0 elementor-invisible elementor-widget elementor-widget-heading\" data-id=\"f90a8a0\" data-element_type=\"widget\" data-e-type=\"widget\" data-settings=\"{&quot;_animation&quot;:&quot;fadeInUp&quot;}\" data-widget_type=\"heading.default\">\n\t\t\t\t<div class=\"elementor-widget-container\">\n\t\t\t\t\t<h2 class=\"elementor-heading-title elementor-size-default\">La technologie Carbow<\/h2>\t\t\t\t<\/div>\n\t\t\t\t<\/div>\n\t\t\t\t<div class=\"elementor-element elementor-element-dd96fe6 elementor-widget elementor-widget-text-editor\" data-id=\"dd96fe6\" data-element_type=\"widget\" data-e-type=\"widget\" data-widget_type=\"text-editor.default\">\n\t\t\t\t<div class=\"elementor-widget-container\">\n\t\t\t\t\t\t\t\t\t<p>Carbow ne se borne pas \u00e0 reproduire en carbone des archets bois. Le carbone ne se travaille pas comme le bois.<\/p><p>Le son des archets CARBOW est le r\u00e9sultat de longues recherches et d\u2019une technologie \u00e9prouv\u00e9e, mise au point par son cr\u00e9ateur. Carbow utilise les outils les plus performants de simulation num\u00e9rique, notamment Catia, d\u00e9velopp\u00e9 par Dassault Syst\u00e8mes ou NX d\u00e9velopp\u00e9 par Siemens PLM.<\/p>\t\t\t\t\t\t\t\t<\/div>\n\t\t\t\t<\/div>\n\t\t\t\t<div class=\"elementor-element elementor-element-9584f71 elementor-widget elementor-widget-image\" data-id=\"9584f71\" data-element_type=\"widget\" data-e-type=\"widget\" data-widget_type=\"image.default\">\n\t\t\t\t<div class=\"elementor-widget-container\">\n\t\t\t\t\t\t\t\t\t\t\t\t\t\t\t<img fetchpriority=\"high\" decoding=\"async\" width=\"800\" height=\"449\" src=\"https:\/\/www.carbow.com\/wp-content\/uploads\/2024\/04\/Up-Down-Frog-2009-Site2022-Product-1024x575.jpg\" class=\"attachment-large size-large wp-image-693\" alt=\"\" srcset=\"https:\/\/www.carbow.com\/wp-content\/uploads\/2024\/04\/Up-Down-Frog-2009-Site2022-Product-1024x575.jpg 1024w, https:\/\/www.carbow.com\/wp-content\/uploads\/2024\/04\/Up-Down-Frog-2009-Site2022-Product-600x337.jpg 600w, https:\/\/www.carbow.com\/wp-content\/uploads\/2024\/04\/Up-Down-Frog-2009-Site2022-Product-1200x674.jpg 1200w, https:\/\/www.carbow.com\/wp-content\/uploads\/2024\/04\/Up-Down-Frog-2009-Site2022-Product-300x169.jpg 300w, https:\/\/www.carbow.com\/wp-content\/uploads\/2024\/04\/Up-Down-Frog-2009-Site2022-Product-768x432.jpg 768w, https:\/\/www.carbow.com\/wp-content\/uploads\/2024\/04\/Up-Down-Frog-2009-Site2022-Product.jpg 1500w\" sizes=\"(max-width: 800px) 100vw, 800px\" \/>\t\t\t\t\t\t\t\t\t\t\t\t\t\t\t<\/div>\n\t\t\t\t<\/div>\n\t\t\t\t\t<\/div>\n\t\t\t\t<\/div>\n\t\t<div class=\"elementor-element elementor-element-f1c39b5 e-flex e-con-boxed e-con e-parent\" data-id=\"f1c39b5\" data-element_type=\"container\" data-e-type=\"container\" data-settings=\"{&quot;background_background&quot;:&quot;classic&quot;}\">\n\t\t\t\t\t<div class=\"e-con-inner\">\n\t\t\t\t<div class=\"elementor-element elementor-element-082b638 elementor-invisible elementor-widget elementor-widget-heading\" data-id=\"082b638\" data-element_type=\"widget\" data-e-type=\"widget\" data-settings=\"{&quot;_animation&quot;:&quot;fadeInUp&quot;}\" data-widget_type=\"heading.default\">\n\t\t\t\t<div class=\"elementor-widget-container\">\n\t\t\t\t\t<h2 class=\"elementor-heading-title elementor-size-default\">L'exigence de fabrication Carbow<\/h2>\t\t\t\t<\/div>\n\t\t\t\t<\/div>\n\t\t\t\t<div class=\"elementor-element elementor-element-c226462 elementor-widget elementor-widget-text-editor\" data-id=\"c226462\" data-element_type=\"widget\" data-e-type=\"widget\" data-widget_type=\"text-editor.default\">\n\t\t\t\t<div class=\"elementor-widget-container\">\n\t\t\t\t\t\t\t\t\t<p>Carbow n\u2019utilise que des mat\u00e9riaux de premi\u00e8re qualit\u00e9, s\u00e9lectionn\u00e9s avec le plus grand soin. Chaque baguette est fabriqu\u00e9e enti\u00e8rement \u00e0 la main, \u00e0 l\u2019unit\u00e9, et poss\u00e8de son num\u00e9ro de s\u00e9rie. Nos baguettes peuvent aussi \u00eatre fabriqu\u00e9es sur mesure. Il faut entre 10 et 20 heures pour fabriquer un archet. Les baguettes sont vernies de fa\u00e7on traditionnelle, comme pour un archet en bois. Cela permet \u00e0 tout archetier dans le monde d\u2019en effectuer l\u2019entretien.<\/p><p>Chaque baguette est contr\u00f4l\u00e9e par Olivier Philippot avant la livraison.<\/p>\t\t\t\t\t\t\t\t<\/div>\n\t\t\t\t<\/div>\n\t\t\t\t\t<\/div>\n\t\t\t\t<\/div>\n\t\t<div class=\"elementor-element elementor-element-d68d0da e-flex e-con-boxed e-con e-parent\" data-id=\"d68d0da\" data-element_type=\"container\" data-e-type=\"container\" data-settings=\"{&quot;background_background&quot;:&quot;classic&quot;}\">\n\t\t\t\t\t<div class=\"e-con-inner\">\n\t\t\t\t<div class=\"elementor-element elementor-element-9f35513 elementor-invisible elementor-widget elementor-widget-heading\" data-id=\"9f35513\" data-element_type=\"widget\" data-e-type=\"widget\" data-settings=\"{&quot;_animation&quot;:&quot;fadeInUp&quot;}\" data-widget_type=\"heading.default\">\n\t\t\t\t<div class=\"elementor-widget-container\">\n\t\t\t\t\t<h2 class=\"elementor-heading-title elementor-size-default\">La complicit\u00e9 de Carbow avec les artistes<\/h2>\t\t\t\t<\/div>\n\t\t\t\t<\/div>\n\t\t\t\t<div class=\"elementor-element elementor-element-06311ec elementor-widget elementor-widget-text-editor\" data-id=\"06311ec\" data-element_type=\"widget\" data-e-type=\"widget\" data-widget_type=\"text-editor.default\">\n\t\t\t\t<div class=\"elementor-widget-container\">\n\t\t\t\t\t\t\t\t\t<p>Notre succ\u00e8s, nous le devons aussi au dialogue permanent que nous avons \u00e9tabli avec des archetiers, des artistes et des interpr\u00e8tes de renom, aussi passionn\u00e9s et exigeants que nous.<\/p><p>Ils sont souvent devenus des amis. Ensemble, nous avons pass\u00e9 des centaines d\u2019heures \u00e0 parler sonorit\u00e9s, timbres, harmoniques, ergonomie, agilit\u00e9, puissance\u2026pour d\u00e9velopper nos mod\u00e8les. Nous partageons tous la m\u00eame vocation : devenir ensemble de v\u00e9ritables passeurs d\u2019\u00e9motion\u2026<\/p>\t\t\t\t\t\t\t\t<\/div>\n\t\t\t\t<\/div>\n\t\t\t\t<div class=\"elementor-element elementor-element-6461850 elementor-widget__width-initial elementor-widget elementor-widget-video\" data-id=\"6461850\" data-element_type=\"widget\" data-e-type=\"widget\" data-settings=\"{&quot;youtube_url&quot;:&quot;https:\\\/\\\/www.youtube.com\\\/watch?v=Xcl-pEpPP9I&quot;,&quot;show_image_overlay&quot;:&quot;yes&quot;,&quot;image_overlay&quot;:{&quot;url&quot;:&quot;https:\\\/\\\/www.carbow.com\\\/wp-content\\\/uploads\\\/2024\\\/11\\\/Renaud-Garcia-Fons-test-Carbow.jpg&quot;,&quot;id&quot;:1644,&quot;size&quot;:&quot;&quot;,&quot;alt&quot;:&quot;Renaud Garcia-Fons test Carbow&quot;,&quot;source&quot;:&quot;library&quot;},&quot;video_type&quot;:&quot;youtube&quot;,&quot;controls&quot;:&quot;yes&quot;}\" data-widget_type=\"video.default\">\n\t\t\t\t<div class=\"elementor-widget-container\">\n\t\t\t\t\t\t\t<div class=\"elementor-wrapper elementor-open-inline\">\n\t\t\t<div class=\"elementor-video\"><\/div>\t\t\t\t<div class=\"elementor-custom-embed-image-overlay\" style=\"background-image: url(https:\/\/www.carbow.com\/wp-content\/uploads\/2024\/11\/Renaud-Garcia-Fons-test-Carbow.jpg);\">\n\t\t\t\t\t\t\t\t\t\t\t\t\t\t\t\t<div class=\"elementor-custom-embed-play\" role=\"button\" aria-label=\"Lire la vid\u00e9o sur Renaud Garcia-Fons test Carbow\" tabindex=\"0\">\n\t\t\t\t\t\t\t<svg aria-hidden=\"true\" class=\"e-font-icon-svg e-eicon-play\" viewBox=\"0 0 1000 1000\" xmlns=\"http:\/\/www.w3.org\/2000\/svg\"><path d=\"M838 162C746 71 633 25 500 25 371 25 258 71 163 162 71 254 25 367 25 500 25 633 71 746 163 837 254 929 367 979 500 979 633 979 746 933 838 837 929 746 975 633 975 500 975 367 929 254 838 162M808 192C892 279 933 379 933 500 933 621 892 725 808 808 725 892 621 938 500 938 379 938 279 896 196 808 113 725 67 621 67 500 67 379 108 279 196 192 279 108 383 62 500 62 621 62 721 108 808 192M438 392V642L642 517 438 392Z\"><\/path><\/svg>\t\t\t\t\t\t<\/div>\n\t\t\t\t\t\t\t\t\t<\/div>\n\t\t\t\t\t<\/div>\n\t\t\t\t\t\t<\/div>\n\t\t\t\t<\/div>\n\t\t\t\t\t<\/div>\n\t\t\t\t<\/div>\n\t\t<div class=\"elementor-element elementor-element-81d5486 e-flex e-con-boxed e-con e-parent\" data-id=\"81d5486\" data-element_type=\"container\" data-e-type=\"container\" data-settings=\"{&quot;background_background&quot;:&quot;classic&quot;}\">\n\t\t\t\t\t<div class=\"e-con-inner\">\n\t\t\t\t<div class=\"elementor-element elementor-element-5c489b8 elementor-invisible elementor-widget elementor-widget-heading\" data-id=\"5c489b8\" data-element_type=\"widget\" data-e-type=\"widget\" data-settings=\"{&quot;_animation&quot;:&quot;fadeInUp&quot;}\" data-widget_type=\"heading.default\">\n\t\t\t\t<div class=\"elementor-widget-container\">\n\t\t\t\t\t<h2 class=\"elementor-heading-title elementor-size-default\">\"Mon souhait est d\u2019offrir \u00e0 chaque musicien la meilleure baguette en composites dans le respect de la tradition de l\u2019arch\u00e8terie\"<\/h2>\t\t\t\t<\/div>\n\t\t\t\t<\/div>\n\t\t\t\t<div class=\"elementor-element elementor-element-adc6b6e elementor-widget__width-inherit elementor-widget elementor-widget-text-editor\" data-id=\"adc6b6e\" data-element_type=\"widget\" data-e-type=\"widget\" data-widget_type=\"text-editor.default\">\n\t\t\t\t<div class=\"elementor-widget-container\">\n\t\t\t\t\t\t\t\t\t<p>Olivier Philippot, fondateur de LNM-Carbow.<\/p>\t\t\t\t\t\t\t\t<\/div>\n\t\t\t\t<\/div>\n\t\t\t\t\t<\/div>\n\t\t\t\t<\/div>\n\t\t<div class=\"elementor-element elementor-element-b177875 e-flex e-con-boxed e-con e-parent\" data-id=\"b177875\" data-element_type=\"container\" data-e-type=\"container\" data-settings=\"{&quot;background_background&quot;:&quot;classic&quot;}\">\n\t\t\t\t\t<div class=\"e-con-inner\">\n\t\t\t\t\t<\/div>\n\t\t\t\t<\/div>\n\t\t\t\t<\/div>\n\t\t","protected":false},"excerpt":{"rendered":"<p>Du carbone \u00e0 Carbow Les propri\u00e9t\u00e9s du carbone ne suffisent pas \u00e0 expliquer la magie des archets auxquels il donne naissance chez Carbow. Carbow c\u2019est d\u2019abord une \u00e9thique d\u2019entreprise port\u00e9e par son cr\u00e9ateur, faite \u00e0 la fois d\u2019innovation, de tradition, de rigueur et d\u2019ouverture. Cette \u00e9thique se retrouve dans chaque archet Carbow. La technologie Carbow [&hellip;]<\/p>\n","protected":false},"author":1,"featured_media":0,"parent":0,"menu_order":0,"comment_status":"closed","ping_status":"closed","template":"","meta":{"_acf_changed":false,"footnotes":""},"class_list":["post-784","page","type-page","status-publish","hentry"],"acf":[],"_links":{"self":[{"href":"https:\/\/www.carbow.com\/fr\/wp-json\/wp\/v2\/pages\/784","targetHints":{"allow":["GET"]}}],"collection":[{"href":"https:\/\/www.carbow.com\/fr\/wp-json\/wp\/v2\/pages"}],"about":[{"href":"https:\/\/www.carbow.com\/fr\/wp-json\/wp\/v2\/types\/page"}],"author":[{"embeddable":true,"href":"https:\/\/www.carbow.com\/fr\/wp-json\/wp\/v2\/users\/1"}],"replies":[{"embeddable":true,"href":"https:\/\/www.carbow.com\/fr\/wp-json\/wp\/v2\/comments?post=784"}],"version-history":[{"count":33,"href":"https:\/\/www.carbow.com\/fr\/wp-json\/wp\/v2\/pages\/784\/revisions"}],"predecessor-version":[{"id":1983,"href":"https:\/\/www.carbow.com\/fr\/wp-json\/wp\/v2\/pages\/784\/revisions\/1983"}],"wp:attachment":[{"href":"https:\/\/www.carbow.com\/fr\/wp-json\/wp\/v2\/media?parent=784"}],"curies":[{"name":"wp","href":"https:\/\/api.w.org\/{rel}","templated":true}]}}