{"id":782,"date":"2024-04-18T10:03:58","date_gmt":"2024-04-18T08:03:58","guid":{"rendered":"https:\/\/www.carbow.com\/carbow\/"},"modified":"2025-05-19T16:12:07","modified_gmt":"2025-05-19T14:12:07","slug":"carbow","status":"publish","type":"page","link":"https:\/\/www.carbow.com\/fr\/","title":{"rendered":"Carbow"},"content":{"rendered":"\t\t<div data-elementor-type=\"wp-page\" data-elementor-id=\"782\" class=\"elementor elementor-782 elementor-2\" data-elementor-post-type=\"page\">\n\t\t\t\t<div class=\"elementor-element elementor-element-ab7c0eb e-flex e-con-boxed e-con e-parent\" data-id=\"ab7c0eb\" data-element_type=\"container\" data-e-type=\"container\" data-settings=\"{&quot;background_background&quot;:&quot;classic&quot;}\">\n\t\t\t\t\t<div class=\"e-con-inner\">\n\t\t<div class=\"elementor-element elementor-element-ec9f4b3 e-con-full e-flex e-con e-child\" data-id=\"ec9f4b3\" data-element_type=\"container\" data-e-type=\"container\">\n\t\t\t\t<div class=\"elementor-element elementor-element-77247e4 elementor-invisible elementor-widget elementor-widget-heading\" data-id=\"77247e4\" data-element_type=\"widget\" data-e-type=\"widget\" data-settings=\"{&quot;_animation&quot;:&quot;fadeIn&quot;}\" data-widget_type=\"heading.default\">\n\t\t\t\t<div class=\"elementor-widget-container\">\n\t\t\t\t\t<h1 class=\"elementor-heading-title elementor-size-default\">Innovation et tradition, <\/br>au service de l\u2019\u00e9motion musicale\n<\/h1>\t\t\t\t<\/div>\n\t\t\t\t<\/div>\n\t\t\t\t<div class=\"elementor-element elementor-element-8e4d2ed elementor-widget__width-initial elementor-widget elementor-widget-image\" data-id=\"8e4d2ed\" data-element_type=\"widget\" data-e-type=\"widget\" data-widget_type=\"image.default\">\n\t\t\t\t<div class=\"elementor-widget-container\">\n\t\t\t\t\t\t\t\t\t\t\t\t<figure class=\"wp-caption\">\n\t\t\t\t\t\t\t\t\t\t<img fetchpriority=\"high\" decoding=\"async\" width=\"300\" height=\"207\" src=\"https:\/\/www.carbow.com\/wp-content\/uploads\/2025\/05\/Carbow-Logo30_years-2025-04-16-900dpi__1_-removebg-preview-300x207.png\" class=\"attachment-medium size-medium wp-image-1988\" alt=\"\" srcset=\"https:\/\/www.carbow.com\/wp-content\/uploads\/2025\/05\/Carbow-Logo30_years-2025-04-16-900dpi__1_-removebg-preview-300x207.png 300w, https:\/\/www.carbow.com\/wp-content\/uploads\/2025\/05\/Carbow-Logo30_years-2025-04-16-900dpi__1_-removebg-preview.png 601w\" sizes=\"(max-width: 300px) 100vw, 300px\" \/>\t\t\t\t\t\t\t\t\t\t\t<figcaption class=\"widget-image-caption wp-caption-text\"><\/figcaption>\n\t\t\t\t\t\t\t\t\t\t<\/figure>\n\t\t\t\t\t\t\t\t\t<\/div>\n\t\t\t\t<\/div>\n\t\t\t\t<div class=\"elementor-element elementor-element-9cda1ed elementor-invisible elementor-widget elementor-widget-text-editor\" data-id=\"9cda1ed\" data-element_type=\"widget\" data-e-type=\"widget\" data-settings=\"{&quot;_animation&quot;:&quot;fadeIn&quot;}\" data-widget_type=\"text-editor.default\">\n\t\t\t\t<div class=\"elementor-widget-container\">\n\t\t\t\t\t\t\t\t\t<p>1995 &#8211; 2025<\/p><p><span style=\"text-align: var(--text-align);\">30<\/span><em style=\"text-align: var(--text-align);\"> ans d&#8217;enrichissement de l&#8217;artiste avec les outils de demain<\/em><\/p>\t\t\t\t\t\t\t\t<\/div>\n\t\t\t\t<\/div>\n\t\t\t\t<div class=\"elementor-element elementor-element-dae405f elementor-invisible elementor-widget elementor-widget-button\" data-id=\"dae405f\" data-element_type=\"widget\" data-e-type=\"widget\" data-settings=\"{&quot;_animation&quot;:&quot;fadeInUp&quot;}\" data-widget_type=\"button.default\">\n\t\t\t\t<div class=\"elementor-widget-container\">\n\t\t\t\t\t\t\t\t\t<div class=\"elementor-button-wrapper\">\n\t\t\t\t\t<a class=\"elementor-button elementor-button-link elementor-size-sm\" href=\"https:\/\/www.carbow.com\/fr\/categorie-produit\/archets-fr\/\">\n\t\t\t\t\t\t<span class=\"elementor-button-content-wrapper\">\n\t\t\t\t\t\t\t\t\t<span class=\"elementor-button-text\">Nos archets<\/span>\n\t\t\t\t\t<\/span>\n\t\t\t\t\t<\/a>\n\t\t\t\t<\/div>\n\t\t\t\t\t\t\t\t<\/div>\n\t\t\t\t<\/div>\n\t\t\t\t<\/div>\n\t\t\t\t\t<\/div>\n\t\t\t\t<\/div>\n\t\t<div class=\"elementor-element elementor-element-6717ffa e-flex e-con-boxed e-con e-parent\" data-id=\"6717ffa\" data-element_type=\"container\" data-e-type=\"container\">\n\t\t\t\t\t<div class=\"e-con-inner\">\n\t\t\t\t<div class=\"elementor-element elementor-element-e648fd5 elementor-invisible elementor-widget elementor-widget-heading\" data-id=\"e648fd5\" data-element_type=\"widget\" data-e-type=\"widget\" data-settings=\"{&quot;_animation&quot;:&quot;fadeInUp&quot;}\" data-widget_type=\"heading.default\">\n\t\t\t\t<div class=\"elementor-widget-container\">\n\t\t\t\t\t<h3 class=\"elementor-heading-title elementor-size-default\">Depuis 30 ans Carbow fabrique exclusivement des archets en carbone<\/h3>\t\t\t\t<\/div>\n\t\t\t\t<\/div>\n\t\t\t\t<div class=\"elementor-element elementor-element-5dcbe5e elementor-widget elementor-widget-text-editor\" data-id=\"5dcbe5e\" data-element_type=\"widget\" data-e-type=\"widget\" data-widget_type=\"text-editor.default\">\n\t\t\t\t<div class=\"elementor-widget-container\">\n\t\t\t\t\t\t\t\t\t<p>Le carbone pr\u00e9sente des qualit\u00e9s reconnues : pr\u00e9cision, vivacit\u00e9, confort d\u2019ex\u00e9cution, r\u00e9sistance\u2026 Mais il n\u2019est pas naturellement plus musical que le bois.<\/p><p>Nos clients reconnaissent pourtant que la musicalit\u00e9 de nos archets rivalise avec celle des archets bois les plus prestigieux.<\/p><p>Carbow est aujourd\u2019hui consid\u00e9r\u00e9 comme l\u2019un des v\u00e9ritables artisans du monde de la musique par nombre de grands interpr\u00e8tes.<\/p><p>A l\u2019origine de ce d\u00e9fi, Olivier Philippot, cr\u00e9ateur de la soci\u00e9t\u00e9 LNM, propri\u00e9taire de la marque Carbow, qui se d\u00e9finit lui-m\u00eame comme un ing\u00e9nieur-archetier. De sa formation d\u2019ing\u00e9nieur il a tir\u00e9 sa maitrise de la mise en \u0153uvre complexe qu\u2019exige cette mati\u00e8re. Et son amour des objets bien fabriqu\u00e9s a fait la suite\u2026<\/p><p>Dans son atelier implant\u00e9 en Bretagne, la petite \u00e9quipe de Carbow ne fabrique que quelques centaines d\u2019archets par an. Chaque archet est unique et passe entre les mains d\u2019Olivier pour y \u00eatre contr\u00f4l\u00e9, avant d\u2019\u00eatre livr\u00e9 \u00e0 son futur utilisateur.<\/p>\t\t\t\t\t\t\t\t<\/div>\n\t\t\t\t<\/div>\n\t\t<div class=\"elementor-element elementor-element-0ee8c1c e-flex e-con-boxed e-con e-child\" data-id=\"0ee8c1c\" data-element_type=\"container\" data-e-type=\"container\">\n\t\t\t\t\t<div class=\"e-con-inner\">\n\t\t<div class=\"elementor-element elementor-element-7c6dacc e-flex e-con-boxed e-con e-child\" data-id=\"7c6dacc\" data-element_type=\"container\" data-e-type=\"container\">\n\t\t\t\t\t<div class=\"e-con-inner\">\n\t\t\t\t<div class=\"elementor-element elementor-element-ac2526c elementor-widget elementor-widget-image\" data-id=\"ac2526c\" data-element_type=\"widget\" data-e-type=\"widget\" data-widget_type=\"image.default\">\n\t\t\t\t<div class=\"elementor-widget-container\">\n\t\t\t\t\t\t\t\t\t\t\t\t\t\t\t<img decoding=\"async\" src=\"https:\/\/www.carbow.com\/wp-content\/uploads\/elementor\/thumbs\/naturearchetencarbone-qpif2m9kzuy5w5ket9qfelazwqgw5xvfytj441lhwi.jpeg\" title=\"nature+archet+en+carbone\" alt=\"Cette image montre une for\u00eat dense de conif\u00e8res envelopp\u00e9e de brume, cr\u00e9ant une atmosph\u00e8re myst\u00e9rieuse. Les arbres forment une mer verte, et la brume semble flotter comme un archet en carbone dansant sur les cordes de la nature.\" loading=\"lazy\" \/>\t\t\t\t\t\t\t\t\t\t\t\t\t\t\t<\/div>\n\t\t\t\t<\/div>\n\t\t\t\t\t<\/div>\n\t\t\t\t<\/div>\n\t\t<div class=\"elementor-element elementor-element-0abc2ed e-flex e-con-boxed e-con e-child\" data-id=\"0abc2ed\" data-element_type=\"container\" data-e-type=\"container\">\n\t\t\t\t\t<div class=\"e-con-inner\">\n\t\t\t\t<div class=\"elementor-element elementor-element-cdb91e1 elementor-widget elementor-widget-image\" data-id=\"cdb91e1\" data-element_type=\"widget\" data-e-type=\"widget\" data-widget_type=\"image.default\">\n\t\t\t\t<div class=\"elementor-widget-container\">\n\t\t\t\t\t\t\t\t\t\t\t\t\t\t\t<img decoding=\"async\" src=\"https:\/\/www.carbow.com\/wp-content\/uploads\/elementor\/thumbs\/FB-30-Naturbow-Frog-2240-L-qpif2vnyw7b1496radsp3ixlul6kawwrc41ywt7k6a.png\" title=\"FB-30-Naturbow-Frog-2240-L\" alt=\"Cette image montre un archet en carbone reposant sur un morceau de bois textur\u00e9. L&#039;archet, avec sa baguette brune et sa garniture m\u00e9tallique argent\u00e9e, contraste avec le fond rugueux du bois, soulignant la pr\u00e9cision et l&#039;\u00e9l\u00e9gance de l&#039;outil.\" loading=\"lazy\" \/>\t\t\t\t\t\t\t\t\t\t\t\t\t\t\t<\/div>\n\t\t\t\t<\/div>\n\t\t\t\t\t<\/div>\n\t\t\t\t<\/div>\n\t\t<div class=\"elementor-element elementor-element-6757b80 e-flex e-con-boxed e-con e-child\" data-id=\"6757b80\" data-element_type=\"container\" data-e-type=\"container\">\n\t\t\t\t\t<div class=\"e-con-inner\">\n\t\t\t\t<div class=\"elementor-element elementor-element-f38bfa1 elementor-widget elementor-widget-image\" data-id=\"f38bfa1\" data-element_type=\"widget\" data-e-type=\"widget\" data-widget_type=\"image.default\">\n\t\t\t\t<div class=\"elementor-widget-container\">\n\t\t\t\t\t\t\t\t\t\t\t\t\t\t\t<img decoding=\"async\" src=\"https:\/\/www.carbow.com\/wp-content\/uploads\/elementor\/thumbs\/FB-30-Naturbow-Head-2213-L-accueil-qpif2wlt31cbfv5e4w7bo0p2fz1xim0ho8pge36602.png\" title=\"FB-30-Naturbow-Head-2213-L accueil\" alt=\"FB-30-Naturbow-Head-2213-L accueil\" loading=\"lazy\" \/>\t\t\t\t\t\t\t\t\t\t\t\t\t\t\t<\/div>\n\t\t\t\t<\/div>\n\t\t\t\t\t<\/div>\n\t\t\t\t<\/div>\n\t\t\t\t\t<\/div>\n\t\t\t\t<\/div>\n\t\t\t\t\t<\/div>\n\t\t\t\t<\/div>\n\t\t<div class=\"elementor-element elementor-element-17cf982 e-flex e-con-boxed e-con e-parent\" data-id=\"17cf982\" data-element_type=\"container\" data-e-type=\"container\" data-settings=\"{&quot;background_background&quot;:&quot;classic&quot;}\">\n\t\t\t\t\t<div class=\"e-con-inner\">\n\t\t\t\t<div class=\"elementor-element elementor-element-30938d8 elementor-invisible elementor-widget elementor-widget-heading\" data-id=\"30938d8\" data-element_type=\"widget\" data-e-type=\"widget\" data-settings=\"{&quot;_animation&quot;:&quot;fadeInUp&quot;}\" data-widget_type=\"heading.default\">\n\t\t\t\t<div class=\"elementor-widget-container\">\n\t\t\t\t\t<h2 class=\"elementor-heading-title elementor-size-default\">Des archets pour tous les usages<\/h2>\t\t\t\t<\/div>\n\t\t\t\t<\/div>\n\t\t\t\t<div class=\"elementor-element elementor-element-3d869a5 elementor-widget elementor-widget-text-editor\" data-id=\"3d869a5\" data-element_type=\"widget\" data-e-type=\"widget\" data-widget_type=\"text-editor.default\">\n\t\t\t\t<div class=\"elementor-widget-container\">\n\t\t\t\t\t\t\t\t\t<p>Votre archet joue un r\u00f4le m\u00e9connu mais essentiel : c\u2019est \u00e0 lui de mettre en valeur la sonorit\u00e9 de votre instrument.<\/p><p>Nous fabriquons des archets pour tous les instruments : violon, alto , violoncelle, contrebasse \u00e0 la fran\u00e7aise, \u00e0 l&#8217;allemande ou \u00ab Up &amp; Down \u00bb (permettant d\u2019alterner les deux tenues).<\/p><p>Nous vous proposons trois gammes qui se diff\u00e9rencient par leur esth\u00e9tique, les mat\u00e9riaux utilis\u00e9s, la richesse des harmoniques et les sensations de jeu.<\/p><p>Vous pouvez m\u00eame nous commander des archets \u00ab sur mesure \u00bb, sp\u00e9cialement adapt\u00e9s \u00e0 votre demande sur le plan technique et sur le plan esth\u00e9tique.<\/p><p>Nos prix s\u2019\u00e9talent de 800 \u00e0 2000 \u20ac pi\u00e8ce.<\/p>\t\t\t\t\t\t\t\t<\/div>\n\t\t\t\t<\/div>\n\t\t<div class=\"elementor-element elementor-element-d6446aa e-flex e-con-boxed e-con e-child\" data-id=\"d6446aa\" data-element_type=\"container\" data-e-type=\"container\">\n\t\t\t\t\t<div class=\"e-con-inner\">\n\t\t<div class=\"elementor-element elementor-element-262ceaf e-con-full e-flex elementor-invisible e-con e-child\" data-id=\"262ceaf\" data-element_type=\"container\" data-e-type=\"container\" data-settings=\"{&quot;animation&quot;:&quot;fadeInUp&quot;}\">\n\t\t\t\t<div class=\"elementor-element elementor-element-f605b20 elementor-cta--layout-image-above elementor-cta--valign-middle elementor-cta--skin-classic elementor-animated-content elementor-bg-transform elementor-bg-transform-zoom-in elementor-widget elementor-widget-call-to-action\" data-id=\"f605b20\" data-element_type=\"widget\" data-e-type=\"widget\" data-widget_type=\"call-to-action.default\">\n\t\t\t\t<div class=\"elementor-widget-container\">\n\t\t\t\t\t\t\t<a class=\"elementor-cta\" href=\"https:\/\/www.carbow.com\/fr\/categorie-produit\/archets-fr\/archets-violon\/\">\n\t\t\t\t\t<div class=\"elementor-cta__bg-wrapper\">\n\t\t\t\t<div class=\"elementor-cta__bg elementor-bg\" style=\"background-image: url(https:\/\/www.carbow.com\/wp-content\/uploads\/2024\/06\/Carbow-Quatuor-Website-1-1.jpg);\" role=\"img\" aria-label=\"Carbow-Quatuor-Website-1.jpg\"><\/div>\n\t\t\t\t<div class=\"elementor-cta__bg-overlay\"><\/div>\n\t\t\t<\/div>\n\t\t\t\t\t\t\t<div class=\"elementor-cta__content\">\n\t\t\t\t\n\t\t\t\t\t\t\t\t\t<h2 class=\"elementor-cta__title elementor-cta__content-item elementor-content-item\">\n\t\t\t\t\t\tArchets du quatuor\t\t\t\t\t<\/h2>\n\t\t\t\t\n\t\t\t\t\n\t\t\t\t\t\t\t<\/div>\n\t\t\t\t\t\t<\/a>\n\t\t\t\t\t\t<\/div>\n\t\t\t\t<\/div>\n\t\t\t\t<div class=\"elementor-element elementor-element-1b84e59 elementor-widget elementor-widget-button\" data-id=\"1b84e59\" data-element_type=\"widget\" data-e-type=\"widget\" data-widget_type=\"button.default\">\n\t\t\t\t<div class=\"elementor-widget-container\">\n\t\t\t\t\t\t\t\t\t<div class=\"elementor-button-wrapper\">\n\t\t\t\t\t<a class=\"elementor-button elementor-button-link elementor-size-sm elementor-animation-float\" href=\"https:\/\/www.carbow.com\/fr\/categorie-produit\/archets-fr\/archets-violon\/\">\n\t\t\t\t\t\t<span class=\"elementor-button-content-wrapper\">\n\t\t\t\t\t\t\t\t\t<span class=\"elementor-button-text\">D\u00e9couvrir<\/span>\n\t\t\t\t\t<\/span>\n\t\t\t\t\t<\/a>\n\t\t\t\t<\/div>\n\t\t\t\t\t\t\t\t<\/div>\n\t\t\t\t<\/div>\n\t\t\t\t<\/div>\n\t\t<div class=\"elementor-element elementor-element-3251f5b e-con-full e-flex elementor-invisible e-con e-child\" data-id=\"3251f5b\" data-element_type=\"container\" data-e-type=\"container\" data-settings=\"{&quot;animation&quot;:&quot;fadeInUp&quot;,&quot;animation_delay&quot;:&quot;200&quot;}\">\n\t\t\t\t<div class=\"elementor-element elementor-element-1998086 elementor-cta--layout-image-above elementor-cta--valign-middle elementor-cta--skin-classic elementor-animated-content elementor-bg-transform elementor-bg-transform-zoom-in elementor-widget elementor-widget-call-to-action\" data-id=\"1998086\" data-element_type=\"widget\" data-e-type=\"widget\" data-widget_type=\"call-to-action.default\">\n\t\t\t\t<div class=\"elementor-widget-container\">\n\t\t\t\t\t\t\t<a class=\"elementor-cta\" href=\"https:\/\/www.carbow.com\/fr\/categorie-produit\/archets-fr\/archets-de-contrebasse-francaise\/\">\n\t\t\t\t\t<div class=\"elementor-cta__bg-wrapper\">\n\t\t\t\t<div class=\"elementor-cta__bg elementor-bg\" style=\"background-image: url(https:\/\/www.carbow.com\/wp-content\/uploads\/2024\/06\/FB-32-Eb-BS-Frog-2013-Site-2022-Product-1024x575.jpg);\" role=\"img\" aria-label=\"FB-32-Eb-BS-Frog-2013-Site-2022-Product.jpg\"><\/div>\n\t\t\t\t<div class=\"elementor-cta__bg-overlay\"><\/div>\n\t\t\t<\/div>\n\t\t\t\t\t\t\t<div class=\"elementor-cta__content\">\n\t\t\t\t\n\t\t\t\t\t\t\t\t\t<h2 class=\"elementor-cta__title elementor-cta__content-item elementor-content-item\">\n\t\t\t\t\t\tArchets de contrebasses \u00e0 la Fran\u00e7aise\t\t\t\t\t<\/h2>\n\t\t\t\t\n\t\t\t\t\n\t\t\t\t\t\t\t<\/div>\n\t\t\t\t\t\t<\/a>\n\t\t\t\t\t\t<\/div>\n\t\t\t\t<\/div>\n\t\t\t\t<div class=\"elementor-element elementor-element-2032be1 elementor-align-left elementor-widget elementor-widget-button\" data-id=\"2032be1\" data-element_type=\"widget\" data-e-type=\"widget\" data-widget_type=\"button.default\">\n\t\t\t\t<div class=\"elementor-widget-container\">\n\t\t\t\t\t\t\t\t\t<div class=\"elementor-button-wrapper\">\n\t\t\t\t\t<a class=\"elementor-button elementor-button-link elementor-size-sm elementor-animation-float\" href=\"https:\/\/www.carbow.com\/fr\/categorie-produit\/archets-fr\/archets-de-contrebasse-francaise\/\">\n\t\t\t\t\t\t<span class=\"elementor-button-content-wrapper\">\n\t\t\t\t\t\t\t\t\t<span class=\"elementor-button-text\">D\u00e9couvrir<\/span>\n\t\t\t\t\t<\/span>\n\t\t\t\t\t<\/a>\n\t\t\t\t<\/div>\n\t\t\t\t\t\t\t\t<\/div>\n\t\t\t\t<\/div>\n\t\t\t\t<\/div>\n\t\t<div class=\"elementor-element elementor-element-89720d6 e-con-full e-flex elementor-invisible e-con e-child\" data-id=\"89720d6\" data-element_type=\"container\" data-e-type=\"container\" data-settings=\"{&quot;animation&quot;:&quot;fadeInUp&quot;,&quot;animation_delay&quot;:&quot;300&quot;}\">\n\t\t\t\t<div class=\"elementor-element elementor-element-f8916aa elementor-cta--layout-image-above elementor-cta--valign-middle elementor-cta--skin-classic elementor-animated-content elementor-bg-transform elementor-bg-transform-zoom-in elementor-widget elementor-widget-call-to-action\" data-id=\"f8916aa\" data-element_type=\"widget\" data-e-type=\"widget\" data-widget_type=\"call-to-action.default\">\n\t\t\t\t<div class=\"elementor-widget-container\">\n\t\t\t\t\t\t\t<a class=\"elementor-cta\" href=\"https:\/\/www.carbow.com\/fr\/categorie-produit\/archets-fr\/archets-de-contrebasse-allemande\/\">\n\t\t\t\t\t<div class=\"elementor-cta__bg-wrapper\">\n\t\t\t\t<div class=\"elementor-cta__bg elementor-bg\" style=\"background-image: url(https:\/\/www.carbow.com\/wp-content\/uploads\/2024\/04\/GB-Sn-BS-Frog-1906-Thumbnail-1024x507.png);\" role=\"img\" aria-label=\"GB-Sn-BS-Frog-1906-Thumbnail\"><\/div>\n\t\t\t\t<div class=\"elementor-cta__bg-overlay\"><\/div>\n\t\t\t<\/div>\n\t\t\t\t\t\t\t<div class=\"elementor-cta__content\">\n\t\t\t\t\n\t\t\t\t\t\t\t\t\t<h2 class=\"elementor-cta__title elementor-cta__content-item elementor-content-item\">\n\t\t\t\t\t\tArchets de contrebasses \u00e0 l\u2019Allemande\t\t\t\t\t<\/h2>\n\t\t\t\t\n\t\t\t\t\n\t\t\t\t\t\t\t<\/div>\n\t\t\t\t\t\t<\/a>\n\t\t\t\t\t\t<\/div>\n\t\t\t\t<\/div>\n\t\t\t\t<div class=\"elementor-element elementor-element-a0035ba elementor-widget elementor-widget-button\" data-id=\"a0035ba\" data-element_type=\"widget\" data-e-type=\"widget\" data-widget_type=\"button.default\">\n\t\t\t\t<div class=\"elementor-widget-container\">\n\t\t\t\t\t\t\t\t\t<div class=\"elementor-button-wrapper\">\n\t\t\t\t\t<a class=\"elementor-button elementor-button-link elementor-size-sm elementor-animation-float\" href=\"https:\/\/www.carbow.com\/fr\/categorie-produit\/archets-fr\/archets-de-contrebasse-allemande\/\">\n\t\t\t\t\t\t<span class=\"elementor-button-content-wrapper\">\n\t\t\t\t\t\t\t\t\t<span class=\"elementor-button-text\">D\u00e9couvrir<\/span>\n\t\t\t\t\t<\/span>\n\t\t\t\t\t<\/a>\n\t\t\t\t<\/div>\n\t\t\t\t\t\t\t\t<\/div>\n\t\t\t\t<\/div>\n\t\t\t\t<\/div>\n\t\t\t\t\t<\/div>\n\t\t\t\t<\/div>\n\t\t\t\t\t<\/div>\n\t\t\t\t<\/div>\n\t\t<div class=\"elementor-element elementor-element-9887de1 e-flex e-con-boxed e-con e-parent\" data-id=\"9887de1\" data-element_type=\"container\" data-e-type=\"container\" data-settings=\"{&quot;background_background&quot;:&quot;classic&quot;}\">\n\t\t\t\t\t<div class=\"e-con-inner\">\n\t\t<div class=\"elementor-element elementor-element-2f97ade e-con-full e-flex e-con e-child\" data-id=\"2f97ade\" data-element_type=\"container\" data-e-type=\"container\">\n\t\t\t\t<div class=\"elementor-element elementor-element-d25015b elementor-widget elementor-widget-heading\" data-id=\"d25015b\" data-element_type=\"widget\" data-e-type=\"widget\" data-widget_type=\"heading.default\">\n\t\t\t\t<div class=\"elementor-widget-container\">\n\t\t\t\t\t<h3 class=\"elementor-heading-title elementor-size-default\">T\u00e9moignages<\/h3>\t\t\t\t<\/div>\n\t\t\t\t<\/div>\n\t\t\t\t<div class=\"elementor-element elementor-element-1934de6 elementor-widget__width-initial elementor-widget-mobile__width-inherit elementor-widget elementor-widget-text-editor\" data-id=\"1934de6\" data-element_type=\"widget\" data-e-type=\"widget\" data-widget_type=\"text-editor.default\">\n\t\t\t\t<div class=\"elementor-widget-container\">\n\t\t\t\t\t\t\t\t\t<p class=\"\">D\u00e9butant, amateurs confirm\u00e9s ou professionnels, ces musiciens ont tous en commun l\u2019exp\u00e9rience CARBOW et sont heureux de la faire partager ici librement. Beaucoup disent avoir red\u00e9couvert leur instrument ou tout simplement retrouver le plaisir de jouer! Certains, qui avaient atteint une limite ont pu de nouveau continuer \u00e0 progresser.<\/p><p class=\"\">Mais tous parlent de leur confiance et de la passion qui anime l\u2019\u00e9quipe de CARBOW pour la musique et le jeu de l\u2019instrument. Cette histoire n\u2019est pas juste technique ou commerciale mais est aussi un moment de relations humaines.<\/p>\t\t\t\t\t\t\t\t<\/div>\n\t\t\t\t<\/div>\n\t\t\t\t<div class=\"elementor-element elementor-element-a324196 elementor-widget-mobile__width-inherit elementor-widget elementor-widget-button\" data-id=\"a324196\" data-element_type=\"widget\" data-e-type=\"widget\" data-widget_type=\"button.default\">\n\t\t\t\t<div class=\"elementor-widget-container\">\n\t\t\t\t\t\t\t\t\t<div class=\"elementor-button-wrapper\">\n\t\t\t\t\t<a class=\"elementor-button elementor-button-link elementor-size-sm\" href=\"https:\/\/www.carbow.com\/fr\/temoignages\/\">\n\t\t\t\t\t\t<span class=\"elementor-button-content-wrapper\">\n\t\t\t\t\t\t\t\t\t<span class=\"elementor-button-text\">En savoir plus<\/span>\n\t\t\t\t\t<\/span>\n\t\t\t\t\t<\/a>\n\t\t\t\t<\/div>\n\t\t\t\t\t\t\t\t<\/div>\n\t\t\t\t<\/div>\n\t\t\t\t<\/div>\n\t\t<div class=\"elementor-element elementor-element-cb6de9d e-con-full e-flex e-con e-child\" data-id=\"cb6de9d\" data-element_type=\"container\" data-e-type=\"container\">\n\t\t\t\t<div class=\"elementor-element elementor-element-8bc8a89 elementor-widget elementor-widget-image\" data-id=\"8bc8a89\" data-element_type=\"widget\" data-e-type=\"widget\" data-widget_type=\"image.default\">\n\t\t\t\t<div class=\"elementor-widget-container\">\n\t\t\t\t\t\t\t\t\t\t\t\t\t\t\t<img decoding=\"async\" width=\"700\" height=\"669\" src=\"https:\/\/www.carbow.com\/wp-content\/uploads\/2024\/04\/temoignageclientcarbow.jpeg\" class=\"attachment-medium_large size-medium_large wp-image-632\" alt=\"Cette image montre une femme souriante, tenant un violon. Elle est \u00e9clair\u00e9e par une lumi\u00e8re naturelle qui met en valeur son visage serein et ses cheveux noirs. Son t\u00e9moignage pourrait porter sur l&#039;importance de la musique dans sa vie et la pr\u00e9cision n\u00e9cessaire pour jouer avec un archet en carbone, qui offre une r\u00e9sonance et une sensibilit\u00e9 exceptionnelles.\" srcset=\"https:\/\/www.carbow.com\/wp-content\/uploads\/2024\/04\/temoignageclientcarbow.jpeg 700w, https:\/\/www.carbow.com\/wp-content\/uploads\/2024\/04\/temoignageclientcarbow-600x573.jpeg 600w, https:\/\/www.carbow.com\/wp-content\/uploads\/2024\/04\/temoignageclientcarbow-300x287.jpeg 300w\" sizes=\"(max-width: 700px) 100vw, 700px\" \/>\t\t\t\t\t\t\t\t\t\t\t\t\t\t\t<\/div>\n\t\t\t\t<\/div>\n\t\t\t\t<\/div>\n\t\t\t\t\t<\/div>\n\t\t\t\t<\/div>\n\t\t<div class=\"elementor-element elementor-element-e4529e5 e-flex e-con-boxed e-con e-parent\" data-id=\"e4529e5\" data-element_type=\"container\" data-e-type=\"container\" data-settings=\"{&quot;background_background&quot;:&quot;classic&quot;}\">\n\t\t\t\t\t<div class=\"e-con-inner\">\n\t\t<div class=\"elementor-element elementor-element-77ae3b1 e-flex e-con-boxed e-con e-child\" data-id=\"77ae3b1\" data-element_type=\"container\" data-e-type=\"container\" data-settings=\"{&quot;background_background&quot;:&quot;classic&quot;}\">\n\t\t\t\t\t<div class=\"e-con-inner\">\n\t\t\t\t<div class=\"elementor-element elementor-element-3a3c894 elementor-invisible elementor-widget elementor-widget-heading\" data-id=\"3a3c894\" data-element_type=\"widget\" data-e-type=\"widget\" data-settings=\"{&quot;_animation&quot;:&quot;fadeInUp&quot;}\" data-widget_type=\"heading.default\">\n\t\t\t\t<div class=\"elementor-widget-container\">\n\t\t\t\t\t<h2 class=\"elementor-heading-title elementor-size-default\">\u00c9lev\u00e9. Cultiv\u00e9. Carbow<\/h2>\t\t\t\t<\/div>\n\t\t\t\t<\/div>\n\t\t\t\t\t<\/div>\n\t\t\t\t<\/div>\n\t\t\t\t\t<\/div>\n\t\t\t\t<\/div>\n\t\t\t\t<\/div>\n\t\t","protected":false},"excerpt":{"rendered":"<p>Innovation et tradition, au service de l\u2019\u00e9motion musicale 1995 &#8211; 2025 30 ans d&#8217;enrichissement de l&#8217;artiste avec les outils de demain Nos archets Depuis 30 ans Carbow fabrique exclusivement des archets en carbone Le carbone pr\u00e9sente des qualit\u00e9s reconnues : pr\u00e9cision, vivacit\u00e9, confort d\u2019ex\u00e9cution, r\u00e9sistance\u2026 Mais il n\u2019est pas naturellement plus musical que le bois. [&hellip;]<\/p>\n","protected":false},"author":1,"featured_media":0,"parent":0,"menu_order":0,"comment_status":"closed","ping_status":"open","template":"elementor_header_footer","meta":{"_acf_changed":false,"footnotes":""},"class_list":["post-782","page","type-page","status-publish","hentry"],"acf":[],"_links":{"self":[{"href":"https:\/\/www.carbow.com\/fr\/wp-json\/wp\/v2\/pages\/782","targetHints":{"allow":["GET"]}}],"collection":[{"href":"https:\/\/www.carbow.com\/fr\/wp-json\/wp\/v2\/pages"}],"about":[{"href":"https:\/\/www.carbow.com\/fr\/wp-json\/wp\/v2\/types\/page"}],"author":[{"embeddable":true,"href":"https:\/\/www.carbow.com\/fr\/wp-json\/wp\/v2\/users\/1"}],"replies":[{"embeddable":true,"href":"https:\/\/www.carbow.com\/fr\/wp-json\/wp\/v2\/comments?post=782"}],"version-history":[{"count":43,"href":"https:\/\/www.carbow.com\/fr\/wp-json\/wp\/v2\/pages\/782\/revisions"}],"predecessor-version":[{"id":1991,"href":"https:\/\/www.carbow.com\/fr\/wp-json\/wp\/v2\/pages\/782\/revisions\/1991"}],"wp:attachment":[{"href":"https:\/\/www.carbow.com\/fr\/wp-json\/wp\/v2\/media?parent=782"}],"curies":[{"name":"wp","href":"https:\/\/api.w.org\/{rel}","templated":true}]}}