{"id":1434,"date":"2024-06-13T10:19:12","date_gmt":"2024-06-13T08:19:12","guid":{"rendered":"https:\/\/www.carbow.com\/contact-2\/"},"modified":"2024-06-13T10:28:49","modified_gmt":"2024-06-13T08:28:49","slug":"actualites-carbow","status":"publish","type":"page","link":"https:\/\/www.carbow.com\/fr\/actualites-carbow\/","title":{"rendered":"Actualit\u00e9s"},"content":{"rendered":"\t\t<div data-elementor-type=\"wp-page\" data-elementor-id=\"1434\" class=\"elementor elementor-1434 elementor-1430\" data-elementor-post-type=\"page\">\n\t\t\t\t<div class=\"elementor-element elementor-element-806eb97 e-flex e-con-boxed e-con e-parent\" data-id=\"806eb97\" data-element_type=\"container\" data-e-type=\"container\" data-settings=\"{&quot;background_background&quot;:&quot;classic&quot;}\">\n\t\t\t\t\t<div class=\"e-con-inner\">\n\t\t\t\t<div class=\"elementor-element elementor-element-c8e6425 elementor-widget__width-initial elementor-widget elementor-widget-heading\" data-id=\"c8e6425\" data-element_type=\"widget\" data-e-type=\"widget\" data-widget_type=\"heading.default\">\n\t\t\t\t<div class=\"elementor-widget-container\">\n\t\t\t\t\t<h2 class=\"elementor-heading-title elementor-size-default\">Actualit\u00e9s<\/h2>\t\t\t\t<\/div>\n\t\t\t\t<\/div>\n\t\t\t\t\t<\/div>\n\t\t\t\t<\/div>\n\t\t<div class=\"elementor-element elementor-element-96a34cc e-flex e-con-boxed e-con e-parent\" data-id=\"96a34cc\" data-element_type=\"container\" data-e-type=\"container\" data-settings=\"{&quot;background_background&quot;:&quot;classic&quot;}\">\n\t\t\t\t\t<div class=\"e-con-inner\">\n\t\t\t\t<div class=\"elementor-element elementor-element-572d681 elementor-grid-3 elementor-grid-tablet-2 elementor-grid-mobile-1 elementor-posts--thumbnail-top elementor-widget elementor-widget-posts\" data-id=\"572d681\" data-element_type=\"widget\" data-e-type=\"widget\" data-settings=\"{&quot;classic_columns&quot;:&quot;3&quot;,&quot;classic_columns_tablet&quot;:&quot;2&quot;,&quot;classic_columns_mobile&quot;:&quot;1&quot;,&quot;classic_row_gap&quot;:{&quot;unit&quot;:&quot;px&quot;,&quot;size&quot;:35,&quot;sizes&quot;:[]},&quot;classic_row_gap_tablet&quot;:{&quot;unit&quot;:&quot;px&quot;,&quot;size&quot;:&quot;&quot;,&quot;sizes&quot;:[]},&quot;classic_row_gap_mobile&quot;:{&quot;unit&quot;:&quot;px&quot;,&quot;size&quot;:&quot;&quot;,&quot;sizes&quot;:[]}}\" data-widget_type=\"posts.classic\">\n\t\t\t\t<div class=\"elementor-widget-container\">\n\t\t\t\t\t\t\t<div class=\"elementor-posts-container elementor-posts elementor-posts--skin-classic elementor-grid\" role=\"list\">\n\t\t\t\t<article class=\"elementor-post elementor-grid-item post-1598 post type-post status-publish format-standard has-post-thumbnail hentry category-non-classe\" role=\"listitem\">\n\t\t\t\t<a class=\"elementor-post__thumbnail__link\" href=\"https:\/\/www.carbow.com\/fr\/2024\/10\/14\/notre-archet-naturbow-a-lorchestre-de-paris\/\" tabindex=\"-1\" >\n\t\t\t<div class=\"elementor-post__thumbnail\"><img fetchpriority=\"high\" decoding=\"async\" width=\"768\" height=\"359\" src=\"https:\/\/www.carbow.com\/wp-content\/uploads\/2024\/06\/archet-en-carbone-orchestre-de-paris-768x359.webp\" class=\"attachment-medium_large size-medium_large wp-image-1575\" alt=\"\" srcset=\"https:\/\/www.carbow.com\/wp-content\/uploads\/2024\/06\/archet-en-carbone-orchestre-de-paris-768x359.webp 768w, https:\/\/www.carbow.com\/wp-content\/uploads\/2024\/06\/archet-en-carbone-orchestre-de-paris-300x140.webp 300w, https:\/\/www.carbow.com\/wp-content\/uploads\/2024\/06\/archet-en-carbone-orchestre-de-paris-1024x479.webp 1024w, https:\/\/www.carbow.com\/wp-content\/uploads\/2024\/06\/archet-en-carbone-orchestre-de-paris-600x281.webp 600w, https:\/\/www.carbow.com\/wp-content\/uploads\/2024\/06\/archet-en-carbone-orchestre-de-paris-1200x561.webp 1200w, https:\/\/www.carbow.com\/wp-content\/uploads\/2024\/06\/archet-en-carbone-orchestre-de-paris.webp 1510w\" sizes=\"(max-width: 768px) 100vw, 768px\" \/><\/div>\n\t\t<\/a>\n\t\t\t\t<div class=\"elementor-post__text\">\n\t\t\t\t<h3 class=\"elementor-post__title\">\n\t\t\t<a href=\"https:\/\/www.carbow.com\/fr\/2024\/10\/14\/notre-archet-naturbow-a-lorchestre-de-paris\/\" >\n\t\t\t\tNotre archet Natur&#8217;bow \u00e0 l&#8217;Orchestre de Paris\t\t\t<\/a>\n\t\t<\/h3>\n\t\t\t\t<div class=\"elementor-post__meta-data\">\n\t\t\t\t\t<span class=\"elementor-post-date\">\n\t\t\t14 octobre 2024\t\t<\/span>\n\t\t\t\t<\/div>\n\t\t\t\t<div class=\"elementor-post__excerpt\">\n\t\t\t<p>Merci \u00e0 S\u00e9bastien Dub\u00e9, l&#8217;Orchestre de Paris, le Conservatoire de Paris CNSMDP, nos amis musiciens su\u00e9dois et canadiens de porter en avant notre archet Natur&#8217;bow!<\/p>\n\t\t<\/div>\n\t\t\t\t\t<div class=\"elementor-post__read-more-wrapper\">\n\t\t\n\t\t<a class=\"elementor-post__read-more\" href=\"https:\/\/www.carbow.com\/fr\/2024\/10\/14\/notre-archet-naturbow-a-lorchestre-de-paris\/\" aria-label=\"En savoir plus sur Notre archet Natur&#8217;bow \u00e0 l&#8217;Orchestre de Paris\" tabindex=\"-1\" >\n\t\t\tLire la suite \"\t\t<\/a>\n\n\t\t\t\t\t<\/div>\n\t\t\t\t<\/div>\n\t\t\t\t<\/article>\n\t\t\t\t<article class=\"elementor-post elementor-grid-item post-786 post type-post status-publish format-standard has-post-thumbnail hentry category-non-classifiee\" role=\"listitem\">\n\t\t\t\t<a class=\"elementor-post__thumbnail__link\" href=\"https:\/\/www.carbow.com\/fr\/2024\/04\/18\/nouveau-site-carbow\/\" tabindex=\"-1\" >\n\t\t\t<div class=\"elementor-post__thumbnail\"><img decoding=\"async\" width=\"768\" height=\"343\" src=\"https:\/\/www.carbow.com\/wp-content\/uploads\/2024\/04\/Nouveau-site-internet-carbow-768x343.jpg\" class=\"attachment-medium_large size-medium_large wp-image-1300\" alt=\"Nouveau site internet carbow\" srcset=\"https:\/\/www.carbow.com\/wp-content\/uploads\/2024\/04\/Nouveau-site-internet-carbow-768x343.jpg 768w, https:\/\/www.carbow.com\/wp-content\/uploads\/2024\/04\/Nouveau-site-internet-carbow-300x134.jpg 300w, https:\/\/www.carbow.com\/wp-content\/uploads\/2024\/04\/Nouveau-site-internet-carbow-1024x458.jpg 1024w, https:\/\/www.carbow.com\/wp-content\/uploads\/2024\/04\/Nouveau-site-internet-carbow-600x268.jpg 600w, https:\/\/www.carbow.com\/wp-content\/uploads\/2024\/04\/Nouveau-site-internet-carbow-1200x537.jpg 1200w, https:\/\/www.carbow.com\/wp-content\/uploads\/2024\/04\/Nouveau-site-internet-carbow.jpg 1400w\" sizes=\"(max-width: 768px) 100vw, 768px\" \/><\/div>\n\t\t<\/a>\n\t\t\t\t<div class=\"elementor-post__text\">\n\t\t\t\t<h3 class=\"elementor-post__title\">\n\t\t\t<a href=\"https:\/\/www.carbow.com\/fr\/2024\/04\/18\/nouveau-site-carbow\/\" >\n\t\t\t\tNouveau site web Carbow !\t\t\t<\/a>\n\t\t<\/h3>\n\t\t\t\t<div class=\"elementor-post__meta-data\">\n\t\t\t\t\t<span class=\"elementor-post-date\">\n\t\t\t18 avril 2024\t\t<\/span>\n\t\t\t\t<\/div>\n\t\t\t\t<div class=\"elementor-post__excerpt\">\n\t\t\t<p>Nous sommes heureux de vous pr\u00e9senter notre site actualis\u00e9. Tous nos produits sont disponibles via le menu principal &#8220;Archets&#8221;. Pour toute demande d&#8217;information, contactez-nous ici.<\/p>\n\t\t<\/div>\n\t\t\t\t\t<div class=\"elementor-post__read-more-wrapper\">\n\t\t\n\t\t<a class=\"elementor-post__read-more\" href=\"https:\/\/www.carbow.com\/fr\/2024\/04\/18\/nouveau-site-carbow\/\" aria-label=\"En savoir plus sur Nouveau site web Carbow !\" tabindex=\"-1\" >\n\t\t\tLire la suite \"\t\t<\/a>\n\n\t\t\t\t\t<\/div>\n\t\t\t\t<\/div>\n\t\t\t\t<\/article>\n\t\t\t\t<\/div>\n\t\t\n\t\t\t\t\t\t<\/div>\n\t\t\t\t<\/div>\n\t\t\t\t\t<\/div>\n\t\t\t\t<\/div>\n\t\t<div class=\"elementor-element elementor-element-777733e e-flex e-con-boxed e-con e-parent\" data-id=\"777733e\" data-element_type=\"container\" data-e-type=\"container\" data-settings=\"{&quot;background_background&quot;:&quot;classic&quot;}\">\n\t\t\t\t\t<div class=\"e-con-inner\">\n\t\t<div class=\"elementor-element elementor-element-38bce6c e-flex e-con-boxed e-con e-child\" data-id=\"38bce6c\" data-element_type=\"container\" data-e-type=\"container\">\n\t\t\t\t\t<div class=\"e-con-inner\">\n\t\t\t\t<div class=\"elementor-element elementor-element-e334eb6 elementor-widget elementor-widget-text-editor\" data-id=\"e334eb6\" data-element_type=\"widget\" data-e-type=\"widget\" data-widget_type=\"text-editor.default\">\n\t\t\t\t<div class=\"elementor-widget-container\">\n\t\t\t\t\t\t\t\t\t<p class=\"sqsrte-large preFlex flexIn\">Vous pouvez d\u00e9sormais commander votre arc directement aupr\u00e8s de CARBOW. Nous vous offrons un service personnalis\u00e9 adapt\u00e9 \u00e0 vos besoins.  <br \/>CARBOW dispose \u00e9galement d&#8217;un r\u00e9seau de professionnels dans le monde entier qui assure la livraison et le service apr\u00e8s-vente de ses arcs.<\/p>\n<p class=\"sqsrte-large preFlex flexIn\">Ventes aux \u00c9tats-Unis en collaboration avec Robertson&amp;Sons<\/p>\n\t\t\t\t\t\t\t\t<\/div>\n\t\t\t\t<\/div>\n\t\t\t\t\t<\/div>\n\t\t\t\t<\/div>\n\t\t<div class=\"elementor-element elementor-element-2488576 e-flex e-con-boxed e-con e-child\" data-id=\"2488576\" data-element_type=\"container\" data-e-type=\"container\">\n\t\t\t\t\t<div class=\"e-con-inner\">\n\t\t\t\t<div class=\"elementor-element elementor-element-59122f0 elementor-button-align-start elementor-widget elementor-widget-form\" data-id=\"59122f0\" data-element_type=\"widget\" data-e-type=\"widget\" data-settings=\"{&quot;step_next_label&quot;:&quot;Suivant&quot;,&quot;step_previous_label&quot;:&quot;Pr\\u00e9c\\u00e9dent&quot;,&quot;button_width&quot;:&quot;100&quot;,&quot;step_type&quot;:&quot;number_text&quot;,&quot;step_icon_shape&quot;:&quot;circle&quot;}\" data-widget_type=\"form.default\">\n\t\t\t\t<div class=\"elementor-widget-container\">\n\t\t\t\t\t\t\t<form class=\"elementor-form\" method=\"post\" name=\"Nouveau formulaire\" aria-label=\"Nouveau formulaire\">\n\t\t\t<input type=\"hidden\" name=\"post_id\" value=\"1434\"\/>\n\t\t\t<input type=\"hidden\" name=\"form_id\" value=\"59122f0\"\/>\n\t\t\t<input type=\"hidden\" name=\"referer_title\" value=\"Actualit\u00e9s - Carbow | Carbon Fiber Double Bass, Violin, Viola and Cello Bows\" \/>\n\n\t\t\t\t\t\t\t<input type=\"hidden\" name=\"queried_id\" value=\"1434\"\/>\n\t\t\t\n\t\t\t<div class=\"elementor-form-fields-wrapper elementor-labels-above\">\n\t\t\t\t\t\t\t\t<div class=\"elementor-field-type-text elementor-field-group elementor-column elementor-field-group-name elementor-col-50 elementor-field-required elementor-mark-required\">\n\t\t\t\t\t\t\t\t\t\t\t\t<label for=\"form-field-name\" class=\"elementor-field-label\">\n\t\t\t\t\t\t\t\tPr\u00e9nom\t\t\t\t\t\t\t<\/label>\n\t\t\t\t\t\t\t\t\t\t\t\t\t\t<input size=\"1\" type=\"text\" name=\"form_fields[name]\" id=\"form-field-name\" class=\"elementor-field elementor-size-lg  elementor-field-textual\" required=\"required\">\n\t\t\t\t\t\t\t\t\t\t\t<\/div>\n\t\t\t\t\t\t\t\t<div class=\"elementor-field-type-text elementor-field-group elementor-column elementor-field-group-field_f60a4da elementor-col-50 elementor-field-required elementor-mark-required\">\n\t\t\t\t\t\t\t\t\t\t\t\t<label for=\"form-field-field_f60a4da\" class=\"elementor-field-label\">\n\t\t\t\t\t\t\t\tNom de famille\t\t\t\t\t\t\t<\/label>\n\t\t\t\t\t\t\t\t\t\t\t\t\t\t<input size=\"1\" type=\"text\" name=\"form_fields[field_f60a4da]\" id=\"form-field-field_f60a4da\" class=\"elementor-field elementor-size-lg  elementor-field-textual\" required=\"required\">\n\t\t\t\t\t\t\t\t\t\t\t<\/div>\n\t\t\t\t\t\t\t\t<div class=\"elementor-field-type-email elementor-field-group elementor-column elementor-field-group-field_2ad5f1c elementor-col-100 elementor-field-required elementor-mark-required\">\n\t\t\t\t\t\t\t\t\t\t\t\t<label for=\"form-field-field_2ad5f1c\" class=\"elementor-field-label\">\n\t\t\t\t\t\t\t\tCourriel\t\t\t\t\t\t\t<\/label>\n\t\t\t\t\t\t\t\t\t\t\t\t\t\t<input size=\"1\" type=\"email\" name=\"form_fields[field_2ad5f1c]\" id=\"form-field-field_2ad5f1c\" class=\"elementor-field elementor-size-lg  elementor-field-textual\" required=\"required\">\n\t\t\t\t\t\t\t\t\t\t\t<\/div>\n\t\t\t\t\t\t\t\t<div class=\"elementor-field-type-text elementor-field-group elementor-column elementor-field-group-field_15c7979 elementor-col-100 elementor-field-required elementor-mark-required\">\n\t\t\t\t\t\t\t\t\t\t\t\t<label for=\"form-field-field_15c7979\" class=\"elementor-field-label\">\n\t\t\t\t\t\t\t\tSujet\t\t\t\t\t\t\t<\/label>\n\t\t\t\t\t\t\t\t\t\t\t\t\t\t<input size=\"1\" type=\"text\" name=\"form_fields[field_15c7979]\" id=\"form-field-field_15c7979\" class=\"elementor-field elementor-size-lg  elementor-field-textual\" required=\"required\">\n\t\t\t\t\t\t\t\t\t\t\t<\/div>\n\t\t\t\t\t\t\t\t<div class=\"elementor-field-type-textarea elementor-field-group elementor-column elementor-field-group-message elementor-col-100 elementor-field-required elementor-mark-required\">\n\t\t\t\t\t\t\t\t\t\t\t\t<label for=\"form-field-message\" class=\"elementor-field-label\">\n\t\t\t\t\t\t\t\tMessage\t\t\t\t\t\t\t<\/label>\n\t\t\t\t\t\t<textarea class=\"elementor-field-textual elementor-field  elementor-size-lg\" name=\"form_fields[message]\" id=\"form-field-message\" rows=\"4\" required=\"required\"><\/textarea>\t\t\t\t<\/div>\n\t\t\t\t\t\t\t\t<div class=\"elementor-field-type-acceptance elementor-field-group elementor-column elementor-field-group-field_18b704d elementor-col-100\">\n\t\t\t\t\t\t\t\t\t\t\t\t<label for=\"form-field-field_18b704d\" class=\"elementor-field-label\">\n\t\t\t\t\t\t\t\tSouhaitez-vous recevoir notre liste de prix ?\t\t\t\t\t\t\t<\/label>\n\t\t\t\t\t\t\t\t<div class=\"elementor-field-subgroup\">\n\t\t\t<span class=\"elementor-field-option\">\n\t\t\t\t<input type=\"checkbox\" name=\"form_fields[field_18b704d]\" id=\"form-field-field_18b704d\" class=\"elementor-field elementor-size-lg  elementor-acceptance-field\">\n\t\t\t\t<label for=\"form-field-field_18b704d\">Oui, veuillez l'envoyer<\/label>\t\t\t<\/span>\n\t\t<\/div>\n\t\t\t\t\t\t<\/div>\n\t\t\t\t\t\t\t\t<div class=\"elementor-field-type-recaptcha_v3 elementor-field-group elementor-column elementor-field-group-field_92a0cdf elementor-col-100 recaptcha_v3-bottomright\">\n\t\t\t\t\t<div class=\"elementor-field\" id=\"form-field-field_92a0cdf\"><div class=\"elementor-g-recaptcha\" data-sitekey=\"6Ld49McpAAAAADoIrP-nNkwzUJ_oOdZ9v9SBep2Q\" data-type=\"v3\" data-action=\"Form\" data-badge=\"bottomright\" data-size=\"invisible\"><\/div><\/div>\t\t\t\t<\/div>\n\t\t\t\t\t\t\t\t<div class=\"elementor-field-group elementor-column elementor-field-type-submit elementor-col-100 e-form__buttons\">\n\t\t\t\t\t<button class=\"elementor-button elementor-size-md\" type=\"submit\">\n\t\t\t\t\t\t<span class=\"elementor-button-content-wrapper\">\n\t\t\t\t\t\t\t\t\t\t\t\t\t\t\t\t\t\t\t\t\t\t<span class=\"elementor-button-text\">Soumettre<\/span>\n\t\t\t\t\t\t\t\t\t\t\t\t\t<\/span>\n\t\t\t\t\t<\/button>\n\t\t\t\t<\/div>\n\t\t\t<\/div>\n\t\t<\/form>\n\t\t\t\t\t\t<\/div>\n\t\t\t\t<\/div>\n\t\t\t\t\t<\/div>\n\t\t\t\t<\/div>\n\t\t\t\t\t<\/div>\n\t\t\t\t<\/div>\n\t\t<div class=\"elementor-element elementor-element-3f17b29 e-flex e-con-boxed e-con e-parent\" data-id=\"3f17b29\" data-element_type=\"container\" data-e-type=\"container\">\n\t\t\t\t\t<div class=\"e-con-inner\">\n\t\t\t\t\t<\/div>\n\t\t\t\t<\/div>\n\t\t\t\t<\/div>\n\t\t","protected":false},"excerpt":{"rendered":"<p>Actualit\u00e9s Vous pouvez d\u00e9sormais commander votre arc directement aupr\u00e8s de CARBOW. Nous vous offrons un service personnalis\u00e9 adapt\u00e9 \u00e0 vos besoins. CARBOW dispose \u00e9galement d&#8217;un r\u00e9seau de professionnels dans le monde entier qui assure la livraison et le service apr\u00e8s-vente de ses arcs. Ventes aux \u00c9tats-Unis en collaboration avec Robertson&amp;Sons<\/p>\n","protected":false},"author":1,"featured_media":0,"parent":0,"menu_order":0,"comment_status":"closed","ping_status":"closed","template":"elementor_header_footer","meta":{"_acf_changed":false,"footnotes":""},"class_list":["post-1434","page","type-page","status-publish","hentry"],"acf":[],"_links":{"self":[{"href":"https:\/\/www.carbow.com\/fr\/wp-json\/wp\/v2\/pages\/1434","targetHints":{"allow":["GET"]}}],"collection":[{"href":"https:\/\/www.carbow.com\/fr\/wp-json\/wp\/v2\/pages"}],"about":[{"href":"https:\/\/www.carbow.com\/fr\/wp-json\/wp\/v2\/types\/page"}],"author":[{"embeddable":true,"href":"https:\/\/www.carbow.com\/fr\/wp-json\/wp\/v2\/users\/1"}],"replies":[{"embeddable":true,"href":"https:\/\/www.carbow.com\/fr\/wp-json\/wp\/v2\/comments?post=1434"}],"version-history":[{"count":3,"href":"https:\/\/www.carbow.com\/fr\/wp-json\/wp\/v2\/pages\/1434\/revisions"}],"predecessor-version":[{"id":1446,"href":"https:\/\/www.carbow.com\/fr\/wp-json\/wp\/v2\/pages\/1434\/revisions\/1446"}],"wp:attachment":[{"href":"https:\/\/www.carbow.com\/fr\/wp-json\/wp\/v2\/media?parent=1434"}],"curies":[{"name":"wp","href":"https:\/\/api.w.org\/{rel}","templated":true}]}}